{"id":1795,"date":"2016-03-21T07:36:56","date_gmt":"2016-03-21T07:36:56","guid":{"rendered":"https:\/\/www.etrurio.com\/sito2020\/projects\/"},"modified":"2021-05-30T16:12:40","modified_gmt":"2021-05-30T14:12:40","slug":"progetti","status":"publish","type":"page","link":"https:\/\/www.etrurio.com\/it\/progetti\/","title":{"rendered":"Progetto AURUMFOLIUM"},"content":{"rendered":"<p>[vc_row full_width=&#8221;stretch_row&#8221; css=&#8221;.vc_custom_1458552690761{margin-top: 150px !important;background-color: #f1f1f1 !important;}&#8221;][vc_column][vc_row_inner][vc_column_inner width=&#8221;7\/12&#8243; offset=&#8221;vc_col-lg-8 vc_col-md-8&#8243;][vc_single_image image=&#8221;1504&#8243; img_size=&#8221;950&#215;650&#8243; el_class=&#8221;gg-display-inline&#8221; css=&#8221;.vc_custom_1575715484643{margin-right: 50px !important;margin-left: 50px !important;}&#8221;][\/vc_column_inner][vc_column_inner width=&#8221;5\/12&#8243; css=&#8221;.vc_custom_1460372155757{padding-top: 20% !important;padding-right: 20% !important;padding-bottom: 20% !important;padding-left: 20% !important;background: #ffffff url(https:\/\/www.etrurio.com\/wp-content\/uploads\/2016\/03\/triangles-icn-17.png?id=315) !important;background-position: 0 0 !important;background-repeat: no-repeat !important;}&#8221; offset=&#8221;vc_col-lg-4 vc_col-md-4&#8243;]\n\t<div class=\"title-subtitle-box \" style=\" text-align: left;\">\n\t\t<p style=\"\">ETRURIO<\/p>\n\t\t<h2 style=\" font-weight: normal;\" >Toscana, la nostra terra<\/h2>\n\t<\/div> \n\t<div class=\"gg_list list_style_line  \">La Toscana \u00e8 paesaggio magico dove tutto \u00e8 gentile intorno, tutto \u00e8\u00a0antico e nuovo. (Curzio Malaparte)<\/div>[\/vc_column_inner][\/vc_row_inner][vc_row_inner][vc_column_inner width=&#8221;7\/12&#8243; offset=&#8221;vc_col-lg-8 vc_col-md-8&#8243;][vc_single_image image=&#8221;1513&#8243; img_size=&#8221;950&#215;650&#8243; el_class=&#8221;gg-display-inline&#8221; css=&#8221;.vc_custom_1622383912006{margin-right: 50px !important;margin-left: 50px !important;}&#8221;][\/vc_column_inner][vc_column_inner width=&#8221;5\/12&#8243; css=&#8221;.vc_custom_1460372155757{padding-top: 20% !important;padding-right: 20% !important;padding-bottom: 20% !important;padding-left: 20% !important;background: #ffffff url(https:\/\/www.etrurio.com\/wp-content\/uploads\/2016\/03\/triangles-icn-17.png?id=315) !important;background-position: 0 0 !important;background-repeat: no-repeat !important;}&#8221; offset=&#8221;vc_col-lg-4 vc_col-md-4&#8243;][vc_btn title=&#8221;AURUMFOLIUM&#8221; link=&#8221;url:http%3A%2F%2Fwww.graphicat.it%2Fstudio%2F&#8221;]\n\t<div class=\"title-subtitle-box \" style=\" text-align: left;\">\n\t\t<p style=\"\">ETRURIO<\/p>\n\t<\/div> [\/vc_column_inner][\/vc_row_inner][vc_row_inner css=&#8221;.vc_custom_1460372613248{margin-top: 150px !important;padding-top: 10% !important;padding-right: 18% !important;padding-bottom: 12% !important;padding-left: 18% !important;background: #000000 url(https:\/\/www.etrurio.com\/wp-content\/uploads\/2016\/03\/waves-pattern-18.png?id=430) !important;background-position: 0 0 !important;background-repeat: repeat !important;}&#8221;][vc_column_inner width=&#8221;1\/3&#8243;]\n\t<div class=\"counter-holder media  \" style=\"text-align:center;   \">\n\t\t\t<div class=\"counter-content media-body\">\n\t\t\t\t<span style=\" font-size:60px; color:#ffffff;\" class=\"counter\" data-number=\"3\" data-interval=\"100\" data-speed=\"1500\">3<\/span>\n\t\t\t\t<p >Frutti dimenticati<\/p>\n\t\t\t<\/div>\n\t<\/div> [\/vc_column_inner][vc_column_inner width=&#8221;1\/3&#8243;]\n\t<div class=\"counter-holder media  \" style=\"text-align:center;   \">\n\t\t\t<div class=\"counter-content media-body\">\n\t\t\t\t<span style=\" font-size:60px; color:#ffffff;\" class=\"counter\" data-number=\"7\" data-interval=\"100\" data-speed=\"1500\">7<\/span>\n\t\t\t\t<p >Cultivar di pistacchi<\/p>\n\t\t\t<\/div>\n\t<\/div> [\/vc_column_inner][vc_column_inner width=&#8221;1\/3&#8243;]\n\t<div class=\"counter-holder media  \" style=\"text-align:center;   \">\n\t\t\t<div class=\"counter-content media-body\">\n\t\t\t\t<span style=\" font-size:60px; color:#ffffff;\" class=\"counter\" data-number=\"5\" data-interval=\"100\" data-speed=\"1500\">5<\/span>\n\t\t\t\t<p >germoplasmi antichi salvati<\/p>\n\t\t\t<\/div>\n\t<\/div> [\/vc_column_inner][\/vc_row_inner][vc_row_inner css=&#8221;.vc_custom_1458553570458{padding-top: 150px !important;}&#8221;][vc_column_inner width=&#8221;5\/12&#8243; css=&#8221;.vc_custom_1460372168380{padding-top: 20% !important;padding-right: 20% !important;padding-bottom: 20% !important;padding-left: 20% !important;background: #ffffff url(https:\/\/www.etrurio.com\/wp-content\/uploads\/2016\/03\/triangles-icn-17.png?id=315) !important;background-position: 0 0 !important;background-repeat: no-repeat !important;}&#8221; offset=&#8221;vc_col-lg-4 vc_col-md-4&#8243;]\n\t<div class=\"title-subtitle-box \" style=\" text-align: left;\">\n\t\t<p style=\"\">L'ORO VERDE<\/p>\n\t\t<h2 style=\" font-weight: normal;\" >BIODIVERSITA'<\/h2>\n\t<\/div> \n\t<div class=\"gg_list list_style_line  \">Nel 2017 \u00a0ETRURIO ha iniziato una attivit\u00e0 di ricerca e conservazione di germoplasmi d&#8217;ulivo antichi \u00a0a rischio di estinzione nella Toscana. Questo lavoro ha lo scopo di preservare la biodiversit\u00e0 del nostro patrimonio ereditario genetico.<\/div>[\/vc_column_inner][vc_column_inner width=&#8221;7\/12&#8243; offset=&#8221;vc_col-lg-8 vc_col-md-8&#8243;][vc_gallery type=&#8221;image_grid&#8221; images=&#8221;1510&#8243; img_size=&#8221;full&#8221; css_animation=&#8221;none&#8221;][vc_column_text]Lo sviluppo della coltivazione intensiva ha favorito l\u2019introduzione nei frutteti moderni di un numero limitato di cultivar per rendere possibile la standardizzazione della produzione. Ci\u00f2 si \u00e8 tradotto nella perdita di attenzione sui germoplasmi locali che, essendo il risultato di secoli di selezione e adattamento alle condizioni ambientali locali, rappresentano un patrimonio genetico importante per programmi di individuazione e propagazione di cultivar a valore aggiunto. In questa prospettiva, la scoperta, l\u2019identificazione e la conservazione di fonti genetiche vegetali in pericolo \u00e8 fondamentale, per preservare la biodiversit\u00e0 di cultivar meno comuni e a rischio di estinzione.[\/vc_column_text][\/vc_column_inner][\/vc_row_inner][\/vc_column][\/vc_row][vc_row][vc_column]\n\t<div class=\"title-subtitle-box \" style=\" text-align: center;\">\n\t\t<p style=\"\">Dal 2018<\/p>\n\t\t<h1 style=\" font-weight: normal;\" >I FRUTTI DIMENTICATI<\/h1>\n\t<\/div> [vc_row_inner][vc_column_inner width=&#8221;1\/6&#8243;][\/vc_column_inner][vc_column_inner width=&#8221;2\/6&#8243;][vc_column_text]Le piante officinali che crescono spontaneamente nella macchia mediterranea racchiudono piccoli tesori.<\/p>\n<p>Il contenuto di metaboliti secondari di interesse nutraceutico, ritrovati nelle foglie di Cistus incanus, Myrtus communis, Pistacia lentiscus, Arbutus unedo e L&#8217;Olea europaea, \u00e8 veramente sensazionale. Proprio per questo motivo, ETRURIO mira a promuoverne l&#8217;uso come integratore alimentare.[\/vc_column_text][\/vc_column_inner][vc_column_inner width=&#8221;2\/6&#8243;][vc_column_text]ETRURIO \u00e8 \u00a0a capo del progetto di ricerca AURUMFOLIUM che, insieme all&#8217;Universit\u00e0 di Agronomia di Firenze, al CNR, alla Fattoria Pianporcino, alla Cooperativa Le Greppe del Giglio e al CAICT, mira ad estrarre metaboliti secondari di interesse nutraceutico.<\/p>\n<p>Il progetto AURUMFOLIUM con i suoi risultati intende anche dare una seconda vita ai nostri terreni agricoli marginali.[\/vc_column_text][\/vc_column_inner][vc_column_inner width=&#8221;1\/6&#8243;][\/vc_column_inner][\/vc_row_inner][vc_row_inner][vc_column_inner width=&#8221;1\/6&#8243;][\/vc_column_inner][vc_column_inner width=&#8221;2\/6&#8243;]\n\t<div class=\"featured-image-box  text-align-left\">\n\t\t<figure class=\" default\">\n\t\t\t <img decoding=\"async\" class=\"wp-post-image default\" src=\"https:\/\/www.etrurio.com\/wp-content\/uploads\/2019\/12\/pistacchio.jpg\" alt=\"\" \/> \n\t\t<figcaption>\n\t\t\t<h4>PISTACCHI TOSCANI<\/h4>\n\t\t\t<p>Con il supporto di Pistachos del Sol, ETRURIO ha piantato in Toscana il primo boschetto sperimentale di alberi di pistacchio con una grande variet\u00e0 di cultivar.<\/p>\n\t\t<\/figcaption>\n\t\t<\/figure>\n\t<\/div> [\/vc_column_inner][vc_column_inner width=&#8221;2\/6&#8243;]\n\t<div class=\"featured-image-box  text-align-left\">\n\t\t<figure class=\" default\">\n\t\t\t <img decoding=\"async\" class=\"wp-post-image default\" src=\"https:\/\/www.etrurio.com\/wp-content\/uploads\/2019\/12\/corbezzolo.jpg\" alt=\"\" \/> \n\t\t<figcaption>\n\t\t\t<h4>ARBUTUS UNEDO<\/h4>\n\t\t\t<p>Le foglie e i frutti del Corbezzolo contengono numerosi composti polifenolici che possono essere utilizzati in campo nutraceutico e farmaceutico.<\/p>\n\t\t<\/figcaption>\n\t\t<\/figure>\n\t<\/div> [\/vc_column_inner][vc_column_inner width=&#8221;1\/6&#8243;][\/vc_column_inner][\/vc_row_inner][vc_row_inner][vc_column_inner width=&#8221;1\/6&#8243;][\/vc_column_inner][vc_column_inner width=&#8221;2\/6&#8243;]\n\t<div class=\"featured-image-box  text-align-left\">\n\t\t<figure class=\" default\">\n\t\t\t <img decoding=\"async\" class=\"wp-post-image default\" src=\"https:\/\/www.etrurio.com\/wp-content\/uploads\/2018\/02\/Pistacia-lentiscus.jpg\" alt=\"\" \/> \n\t\t<figcaption>\n\t\t\t<h4>PISTACHIA LENTISCUS<\/h4>\n\t\t\t<p>Questa pianta generosa fornisce un olio superbo estratto dai dai suoi frutti, tannini dalle sue foglie e una resina con poteri curativi dal suo gambo.<\/p>\n\t\t<\/figcaption>\n\t\t<\/figure>\n\t<\/div> [\/vc_column_inner][vc_column_inner width=&#8221;2\/6&#8243;]\n\t<div class=\"featured-image-box  text-align-left\">\n\t\t<figure class=\" default\">\n\t\t\t <img decoding=\"async\" class=\"wp-post-image default\" src=\"https:\/\/www.etrurio.com\/wp-content\/uploads\/2020\/01\/Mirto.jpg\" alt=\"Mirto\" \/> \n\t\t<figcaption>\n\t\t\t<h4>MYRTUS COMMUNIS<\/h4>\n\t\t\t<p>Il mirto \u00e8 una pianta molto interessante con propriet\u00e0 aromatiche e medicinali: contiene, infatti, oli essenziali, tannini e resine.<\/p>\n\t\t<\/figcaption>\n\t\t<\/figure>\n\t<\/div> [\/vc_column_inner][vc_column_inner width=&#8221;1\/6&#8243;][\/vc_column_inner][\/vc_row_inner][vc_row_inner][vc_column_inner][\/vc_column_inner][\/vc_row_inner][\/vc_column][\/vc_row][vc_row full_width=&#8221;stretch_row&#8221; css=&#8221;.vc_custom_1469108176436{background-image: url(https:\/\/www.etrurio.com\/wp-content\/uploads\/2016\/03\/our-cellar-background-11-17.jpg?id=1069) !important;background-position: center !important;background-repeat: no-repeat !important;background-size: cover !important;}&#8221;][vc_column][vc_cta h2=&#8221;Le Nostre Marmellate&#8221; h4=&#8221;Dal 2021 ETRURIO inizier\u00e0 a produrre una variet\u00e0 di marmellate a base dei frutti dimenticati che sta coltivando&#8221; txt_align=&#8221;center&#8221; shape=&#8221;square&#8221; style=&#8221;custom&#8221; el_width=&#8221;lg&#8221; custom_background=&#8221;rgba(17,17,17,0.8)&#8221; custom_text=&#8221;#ffffff&#8221;][\/vc_cta][\/vc_column][\/vc_row]<\/p>\n","protected":false},"excerpt":{"rendered":"<p>[vc_row full_width=&#8221;stretch_row&#8221; css=&#8221;.vc_custom_1458552690761{margin-top: 150px !important;background-color: #f1f1f1 !important;}&#8221;][vc_column][vc_row_inner][vc_column_inner width=&#8221;7\/12&#8243; offset=&#8221;vc_col-lg-8 vc_col-md-8&#8243;][vc_single_image image=&#8221;1504&#8243; img_size=&#8221;950&#215;650&#8243; el_class=&#8221;gg-display-inline&#8221; css=&#8221;.vc_custom_1575715484643{margin-right: 50px !important;margin-left: 50px !important;}&#8221;][\/vc_column_inner][vc_column_inner width=&#8221;5\/12&#8243; css=&#8221;.vc_custom_1460372155757{padding-top: 20% !important;padding-right: 20% !important;padding-bottom: 20% !important;padding-left: 20% !important;background: #ffffff url(https:\/\/www.etrurio.com\/wp-content\/uploads\/2016\/03\/triangles-icn-17.png?id=315)<br class=\"read-more-spacer\"> <a class=\"more-link\" href=\"https:\/\/www.etrurio.com\/it\/progetti\/\">Read More<\/a><\/p>\n","protected":false},"author":1,"featured_media":1509,"parent":0,"menu_order":0,"comment_status":"closed","ping_status":"closed","template":"","meta":{"footnotes":""},"class_list":["post-1795","page","type-page","status-publish","has-post-thumbnail","hentry"],"yoast_head":"<!-- This site is optimized with the Yoast SEO plugin v27.4 - https:\/\/yoast.com\/product\/yoast-seo-wordpress\/ -->\n<title>Progetto AURUMFOLIUM - Etrurio<\/title>\n<meta name=\"description\" content=\"Progetto AURIFOLIUM - conservazione dei germoplasmi antichi dell&#039;ulivo toscano e di piante dai frutti dimenticati per preservare la BIODIVERSITA&#039; | ETRURIO\" \/>\n<meta name=\"robots\" content=\"index, follow, max-snippet:-1, max-image-preview:large, max-video-preview:-1\" \/>\n<link rel=\"canonical\" href=\"https:\/\/www.etrurio.com\/it\/progetti\/\" \/>\n<meta property=\"og:locale\" content=\"it_IT\" \/>\n<meta property=\"og:type\" content=\"article\" \/>\n<meta property=\"og:title\" content=\"Progetto AURUMFOLIUM - Etrurio\" \/>\n<meta property=\"og:description\" content=\"Progetto AURIFOLIUM - conservazione dei germoplasmi antichi dell&#039;ulivo toscano e di piante dai frutti dimenticati per preservare la BIODIVERSITA&#039; | ETRURIO\" \/>\n<meta property=\"og:url\" content=\"https:\/\/www.etrurio.com\/it\/progetti\/\" \/>\n<meta property=\"og:site_name\" content=\"Etrurio\" \/>\n<meta property=\"article:modified_time\" content=\"2021-05-30T14:12:40+00:00\" \/>\n<meta property=\"og:image\" content=\"https:\/\/www.etrurio.com\/wp-content\/uploads\/2019\/12\/SAN-QUIRICO-scaled.jpg\" \/>\n\t<meta property=\"og:image:width\" content=\"2560\" \/>\n\t<meta property=\"og:image:height\" content=\"1530\" \/>\n\t<meta property=\"og:image:type\" content=\"image\/jpeg\" \/>\n<meta name=\"twitter:card\" content=\"summary_large_image\" \/>\n<meta name=\"twitter:label1\" content=\"Tempo di lettura stimato\" \/>\n\t<meta name=\"twitter:data1\" content=\"3 minuti\" \/>\n<script type=\"application\/ld+json\" class=\"yoast-schema-graph\">{\"@context\":\"https:\\\/\\\/schema.org\",\"@graph\":[{\"@type\":\"WebPage\",\"@id\":\"https:\\\/\\\/www.etrurio.com\\\/it\\\/progetti\\\/\",\"url\":\"https:\\\/\\\/www.etrurio.com\\\/it\\\/progetti\\\/\",\"name\":\"Progetto AURUMFOLIUM - Etrurio\",\"isPartOf\":{\"@id\":\"https:\\\/\\\/www.etrurio.com\\\/#website\"},\"primaryImageOfPage\":{\"@id\":\"https:\\\/\\\/www.etrurio.com\\\/it\\\/progetti\\\/#primaryimage\"},\"image\":{\"@id\":\"https:\\\/\\\/www.etrurio.com\\\/it\\\/progetti\\\/#primaryimage\"},\"thumbnailUrl\":\"https:\\\/\\\/www.etrurio.com\\\/wp-content\\\/uploads\\\/2019\\\/12\\\/SAN-QUIRICO-scaled.jpg\",\"datePublished\":\"2016-03-21T07:36:56+00:00\",\"dateModified\":\"2021-05-30T14:12:40+00:00\",\"description\":\"Progetto AURIFOLIUM - conservazione dei germoplasmi antichi dell'ulivo toscano e di piante dai frutti dimenticati per preservare la BIODIVERSITA' | ETRURIO\",\"breadcrumb\":{\"@id\":\"https:\\\/\\\/www.etrurio.com\\\/it\\\/progetti\\\/#breadcrumb\"},\"inLanguage\":\"it-IT\",\"potentialAction\":[{\"@type\":\"ReadAction\",\"target\":[\"https:\\\/\\\/www.etrurio.com\\\/it\\\/progetti\\\/\"]}]},{\"@type\":\"ImageObject\",\"inLanguage\":\"it-IT\",\"@id\":\"https:\\\/\\\/www.etrurio.com\\\/it\\\/progetti\\\/#primaryimage\",\"url\":\"https:\\\/\\\/www.etrurio.com\\\/wp-content\\\/uploads\\\/2019\\\/12\\\/SAN-QUIRICO-scaled.jpg\",\"contentUrl\":\"https:\\\/\\\/www.etrurio.com\\\/wp-content\\\/uploads\\\/2019\\\/12\\\/SAN-QUIRICO-scaled.jpg\",\"width\":2560,\"height\":1530},{\"@type\":\"BreadcrumbList\",\"@id\":\"https:\\\/\\\/www.etrurio.com\\\/it\\\/progetti\\\/#breadcrumb\",\"itemListElement\":[{\"@type\":\"ListItem\",\"position\":1,\"name\":\"Home\",\"item\":\"https:\\\/\\\/www.etrurio.com\\\/it\\\/\"},{\"@type\":\"ListItem\",\"position\":2,\"name\":\"Progetto AURUMFOLIUM\"}]},{\"@type\":\"WebSite\",\"@id\":\"https:\\\/\\\/www.etrurio.com\\\/#website\",\"url\":\"https:\\\/\\\/www.etrurio.com\\\/\",\"name\":\"Etrurio\",\"description\":\"\",\"potentialAction\":[{\"@type\":\"SearchAction\",\"target\":{\"@type\":\"EntryPoint\",\"urlTemplate\":\"https:\\\/\\\/www.etrurio.com\\\/?s={search_term_string}\"},\"query-input\":{\"@type\":\"PropertyValueSpecification\",\"valueRequired\":true,\"valueName\":\"search_term_string\"}}],\"inLanguage\":\"it-IT\"}]}<\/script>\n<!-- \/ Yoast SEO plugin. -->","yoast_head_json":{"title":"Progetto AURUMFOLIUM - Etrurio","description":"Progetto AURIFOLIUM - conservazione dei germoplasmi antichi dell'ulivo toscano e di piante dai frutti dimenticati per preservare la BIODIVERSITA' | ETRURIO","robots":{"index":"index","follow":"follow","max-snippet":"max-snippet:-1","max-image-preview":"max-image-preview:large","max-video-preview":"max-video-preview:-1"},"canonical":"https:\/\/www.etrurio.com\/it\/progetti\/","og_locale":"it_IT","og_type":"article","og_title":"Progetto AURUMFOLIUM - Etrurio","og_description":"Progetto AURIFOLIUM - conservazione dei germoplasmi antichi dell'ulivo toscano e di piante dai frutti dimenticati per preservare la BIODIVERSITA' | ETRURIO","og_url":"https:\/\/www.etrurio.com\/it\/progetti\/","og_site_name":"Etrurio","article_modified_time":"2021-05-30T14:12:40+00:00","og_image":[{"width":2560,"height":1530,"url":"https:\/\/www.etrurio.com\/wp-content\/uploads\/2019\/12\/SAN-QUIRICO-scaled.jpg","type":"image\/jpeg"}],"twitter_card":"summary_large_image","twitter_misc":{"Tempo di lettura stimato":"3 minuti"},"schema":{"@context":"https:\/\/schema.org","@graph":[{"@type":"WebPage","@id":"https:\/\/www.etrurio.com\/it\/progetti\/","url":"https:\/\/www.etrurio.com\/it\/progetti\/","name":"Progetto AURUMFOLIUM - Etrurio","isPartOf":{"@id":"https:\/\/www.etrurio.com\/#website"},"primaryImageOfPage":{"@id":"https:\/\/www.etrurio.com\/it\/progetti\/#primaryimage"},"image":{"@id":"https:\/\/www.etrurio.com\/it\/progetti\/#primaryimage"},"thumbnailUrl":"https:\/\/www.etrurio.com\/wp-content\/uploads\/2019\/12\/SAN-QUIRICO-scaled.jpg","datePublished":"2016-03-21T07:36:56+00:00","dateModified":"2021-05-30T14:12:40+00:00","description":"Progetto AURIFOLIUM - conservazione dei germoplasmi antichi dell'ulivo toscano e di piante dai frutti dimenticati per preservare la BIODIVERSITA' | ETRURIO","breadcrumb":{"@id":"https:\/\/www.etrurio.com\/it\/progetti\/#breadcrumb"},"inLanguage":"it-IT","potentialAction":[{"@type":"ReadAction","target":["https:\/\/www.etrurio.com\/it\/progetti\/"]}]},{"@type":"ImageObject","inLanguage":"it-IT","@id":"https:\/\/www.etrurio.com\/it\/progetti\/#primaryimage","url":"https:\/\/www.etrurio.com\/wp-content\/uploads\/2019\/12\/SAN-QUIRICO-scaled.jpg","contentUrl":"https:\/\/www.etrurio.com\/wp-content\/uploads\/2019\/12\/SAN-QUIRICO-scaled.jpg","width":2560,"height":1530},{"@type":"BreadcrumbList","@id":"https:\/\/www.etrurio.com\/it\/progetti\/#breadcrumb","itemListElement":[{"@type":"ListItem","position":1,"name":"Home","item":"https:\/\/www.etrurio.com\/it\/"},{"@type":"ListItem","position":2,"name":"Progetto AURUMFOLIUM"}]},{"@type":"WebSite","@id":"https:\/\/www.etrurio.com\/#website","url":"https:\/\/www.etrurio.com\/","name":"Etrurio","description":"","potentialAction":[{"@type":"SearchAction","target":{"@type":"EntryPoint","urlTemplate":"https:\/\/www.etrurio.com\/?s={search_term_string}"},"query-input":{"@type":"PropertyValueSpecification","valueRequired":true,"valueName":"search_term_string"}}],"inLanguage":"it-IT"}]}},"_links":{"self":[{"href":"https:\/\/www.etrurio.com\/it\/wp-json\/wp\/v2\/pages\/1795","targetHints":{"allow":["GET"]}}],"collection":[{"href":"https:\/\/www.etrurio.com\/it\/wp-json\/wp\/v2\/pages"}],"about":[{"href":"https:\/\/www.etrurio.com\/it\/wp-json\/wp\/v2\/types\/page"}],"author":[{"embeddable":true,"href":"https:\/\/www.etrurio.com\/it\/wp-json\/wp\/v2\/users\/1"}],"replies":[{"embeddable":true,"href":"https:\/\/www.etrurio.com\/it\/wp-json\/wp\/v2\/comments?post=1795"}],"version-history":[{"count":0,"href":"https:\/\/www.etrurio.com\/it\/wp-json\/wp\/v2\/pages\/1795\/revisions"}],"wp:featuredmedia":[{"embeddable":true,"href":"https:\/\/www.etrurio.com\/it\/wp-json\/wp\/v2\/media\/1509"}],"wp:attachment":[{"href":"https:\/\/www.etrurio.com\/it\/wp-json\/wp\/v2\/media?parent=1795"}],"curies":[{"name":"wp","href":"https:\/\/api.w.org\/{rel}","templated":true}]}}