{"id":1792,"date":"2019-12-17T17:04:17","date_gmt":"2019-12-17T16:04:17","guid":{"rendered":"https:\/\/www.etrurio.com\/sito2020\/poggio-la-pia-estate\/"},"modified":"2020-01-24T15:50:32","modified_gmt":"2020-01-24T14:50:32","slug":"tenuta-poggio-la-pia","status":"publish","type":"page","link":"https:\/\/www.etrurio.com\/it\/tenuta-poggio-la-pia\/","title":{"rendered":"Tenuta Poggio la Pia"},"content":{"rendered":"<p>[vc_row css=&#8221;.vc_custom_1458737831058{padding-bottom: 0px !important;}&#8221;][vc_column width=&#8221;1\/6&#8243;][\/vc_column][vc_column width=&#8221;2\/3&#8243; css=&#8221;.vc_custom_1458555142589{padding-right: 10% !important;padding-left: 10% !important;}&#8221;]\n\t<div class=\"title-subtitle-box \" style=\" text-align: center;\">\n\t\t<p style=\"\">La storia di<\/p>\n\t\t<h1 style=\" font-weight: normal;\" >Tenuta Poggio La Pia<\/h1>\n\t<\/div> [vc_column_text]Andrea Sozzi Sabatini acquista tenuta Poggio La Pia nel 2015, dopo aver concluso a una lunga carriera finanziaria tra Londra, Zurigo e Milano. Poggio la Pia \u00e8 la tenuta ideale, dove tradizione e innovazione si fondono per produrre uno dei migliori oli d\u2019oliva toscani.[\/vc_column_text]<div class=\"gg-horizontal-list \"><p class=\"subtitle\"><\/p><dl class=\"horizontal\">\n\t<dt >Superficie in ettari<\/dt>\n\t<dd >46<\/dd>\n\t<dt >Vecchie Cultivar<\/dt>\n\t<dd >Rossellino, Maremmano, Generosa<\/dd>\n\t<dt >Nuove cultivar<\/dt>\n\t<dd >Arbequina, Koroneiki, Lecciana, Sikitita, Maurino Vittoria<\/dd>\n\t<dt >Germoplasmi salvati<\/dt>\n\t<dd >5 cultivar ancora da catalogare<\/dd><\/dl><\/div>[\/vc_column][vc_column width=&#8221;1\/6&#8243;][\/vc_column][\/vc_row][vc_row full_width=&#8221;stretch_row&#8221; css=&#8221;.vc_custom_1469108420952{padding-top: 60px !important;background-image: url(https:\/\/www.etrurio.com\/wp-content\/uploads\/2016\/03\/the-estate-background-11-17.jpg?id=1077) !important;background-position: center !important;background-repeat: no-repeat !important;background-size: cover !important;}&#8221;][vc_column][vc_row_inner gap=&#8221;30&#8243;][vc_column_inner width=&#8221;1\/2&#8243; css=&#8221;.vc_custom_1460628751680{padding-top: 15% !important;padding-right: 15% !important;padding-bottom: 15% !important;padding-left: 15% !important;background-color: #b0976d !important;}&#8221; offset=&#8221;vc_col-lg-offset-0 vc_col-lg-4 vc_col-md-offset-0 vc_col-md-4 vc_col-sm-offset-3&#8243;][vc_icon type=&#8221;openiconic&#8221; icon_openiconic=&#8221;vc-oi vc-oi-layers-alt&#8221; color=&#8221;white&#8221;][vc_column_text]<\/p>\n<h2>Colline Metallifere<\/h2>\n<p>Le colline Metallifere si estendono nella parte centro-occidentale della Toscana.<\/p>\n<p>Il bellissimo paesaggio combina una natura selvaggia con colori unici e inconfondibili.[\/vc_column_text][\/vc_column_inner][vc_column_inner width=&#8221;1\/2&#8243; css=&#8221;.vc_custom_1460628787670{padding-top: 15% !important;padding-right: 15% !important;padding-bottom: 15% !important;padding-left: 15% !important;background-color: #ffffff !important;}&#8221; offset=&#8221;vc_col-lg-offset-0 vc_col-lg-4 vc_col-md-offset-0 vc_col-md-4 vc_col-sm-offset-3&#8243;][vc_icon type=&#8221;openiconic&#8221; icon_openiconic=&#8221;vc-oi vc-oi-cloud&#8221; color=&#8221;custom&#8221; custom_color=&#8221;#b0976d&#8221;][vc_column_text]<\/p>\n<h2>Il Clima<\/h2>\n<p>Poggio La Pia \u00e8 situato nella zona interna della Maremma vicino a Civitella Marittima.<\/p>\n<p>Quest&#8217;area \u00e8 caratterizzata da inverni pi\u00f9 freddi ed estati pi\u00f9 calde con maggiori probabilit\u00e0 di rovesci &#8211; il clima ideale per le nostre coltivazioni.[\/vc_column_text][\/vc_column_inner][vc_column_inner width=&#8221;1\/2&#8243; css=&#8221;.vc_custom_1460628881427{padding-top: 15% !important;padding-right: 15% !important;padding-bottom: 15% !important;padding-left: 15% !important;background-color: #b0976d !important;}&#8221; offset=&#8221;vc_col-lg-offset-0 vc_col-lg-4 vc_col-md-offset-0 vc_col-md-4 vc_col-sm-offset-3&#8243;][vc_icon type=&#8221;openiconic&#8221; icon_openiconic=&#8221;vc-oi vc-oi-share&#8221; color=&#8221;white&#8221;][vc_column_text]<\/p>\n<h2>Cultivar<\/h2>\n<p>Alla tenuta Poggio La Pia, ETRURIO coltiva una vasta tipologia di piante di ulivo come:<\/p>\n<p>Sikitita, Rossellino, Maurino Vittoria, Maremmano, Generosa, Koroneiki, F07, Lecciana, Rama Pendula e Arbequina \u00a0ed \u00e8 il posto in cui si conservano i germoplasmi antichi.[\/vc_column_text][\/vc_column_inner][\/vc_row_inner][vc_row_inner gap=&#8221;30&#8243;][vc_column_inner width=&#8221;1\/2&#8243; css=&#8221;.vc_custom_1460628891183{padding-top: 15% !important;padding-right: 15% !important;padding-bottom: 15% !important;padding-left: 15% !important;background-color: #ffffff !important;}&#8221; offset=&#8221;vc_col-lg-offset-0 vc_col-lg-4 vc_col-md-offset-0 vc_col-md-4 vc_col-sm-offset-3&#8243;][vc_icon type=&#8221;openiconic&#8221; icon_openiconic=&#8221;vc-oi vc-oi-sun&#8221; color=&#8221;custom&#8221; custom_color=&#8221;#b0976d&#8221;][vc_column_text]<\/p>\n<h2>Il Mare<\/h2>\n<p>La Maremma presenta uno dei tratti di costa pi\u00f9 belli e unici della Toscana, chilometri di acque cristalline e grandi spiagge sabbiose, piccole insenature e bellissime scogliere a picco sul mare.[\/vc_column_text][\/vc_column_inner][vc_column_inner width=&#8221;1\/2&#8243; css=&#8221;.vc_custom_1460628903037{padding-top: 15% !important;padding-right: 15% !important;padding-bottom: 15% !important;padding-left: 15% !important;background-color: #b0976d !important;}&#8221; offset=&#8221;vc_col-lg-offset-0 vc_col-lg-4 vc_col-md-offset-0 vc_col-md-4 vc_col-sm-offset-3&#8243;][vc_icon type=&#8221;openiconic&#8221; icon_openiconic=&#8221;vc-oi vc-oi-cd&#8221; color=&#8221;white&#8221;][vc_column_text]<\/p>\n<h2>Gli Etruschi<\/h2>\n<p>La \u00a0Maremma \u00e8 stata la culla della civilt\u00e0 etrusca. Infatti Civitella Marittima era originariamente un villaggio etrusco una parte delle mura della citt\u00e0 risalgono ai tempi degli etruschi.[\/vc_column_text][\/vc_column_inner][vc_column_inner width=&#8221;1\/2&#8243; css=&#8221;.vc_custom_1460628914502{padding-top: 15% !important;padding-right: 15% !important;padding-bottom: 15% !important;padding-left: 15% !important;background-color: #ffffff !important;}&#8221; offset=&#8221;vc_col-lg-offset-0 vc_col-lg-4 vc_col-md-offset-0 vc_col-md-4 vc_col-sm-offset-3&#8243;][vc_icon type=&#8221;openiconic&#8221; icon_openiconic=&#8221;vc-oi vc-oi-calendar-alt&#8221; color=&#8221;custom&#8221; custom_color=&#8221;#b0976d&#8221;][vc_column_text]<\/p>\n<h2>Gli Oli d&#8217;Oliva<\/h2>\n<p>A Poggio la Pia ETRURIO produce cinque diverse miscele di olio d&#8217;oliva extra vergine:<\/p>\n<p>ALLEGRO, MOSSO, VIVACE, SOSTENUTO e VIVACISSIMO.[\/vc_column_text][\/vc_column_inner][\/vc_row_inner][\/vc_column][\/vc_row][vc_row][vc_column offset=&#8221;vc_col-lg-4 vc_col-md-4&#8243;]\n\t<div class=\"title-subtitle-box \" style=\" text-align: left;\">\n\t\t<p style=\"\">Tenuta Poggio La Pia<\/p>\n\t\t<h1 style=\" font-weight: normal;\" >La Location<\/h1>\n\t<\/div> [\/vc_column][vc_column width=&#8221;1\/2&#8243; offset=&#8221;vc_col-lg-4 vc_col-md-4&#8243;][vc_single_image image=&#8221;1657&#8243; img_size=&#8221;195&#215;241&#8243; alignment=&#8221;center&#8221;][\/vc_column][vc_column width=&#8221;1\/2&#8243; offset=&#8221;vc_col-lg-4 vc_col-md-4&#8243;][vc_column_text]Poggio la Pia \u00e8\u00a0situata in una bellissima area\u00a0incontaminata tipica del paesaggio toscano, caratterizzata dalla presenza di querce, cipressi, corbezzoli, mirto, erica, ginestra e ovviamente ulivi.[\/vc_column_text][\/vc_column][\/vc_row][vc_row full_width=&#8221;stretch_row&#8221; full_height=&#8221;yes&#8221; content_placement=&#8221;middle&#8221; video_bg=&#8221;yes&#8221; video_bg_url=&#8221;https:\/\/www.youtube.com\/watch?v=B0TIBD80yYI&#8221;][vc_column][vc_icon icon_fontawesome=&#8221;fa fa-play-circle-o&#8221; color=&#8221;custom&#8221; size=&#8221;lg&#8221; align=&#8221;center&#8221; custom_color=&#8221;#b0976d&#8221;]\n\t<div class=\"title-subtitle-box \" style=\" text-align: center;\">\n\t\t<p style=\"\">Guarda il<\/p>\n\t\t<h1 style=\" color:#ffffff;  font-weight: normal;\" >filmato aereo della Tenuta<\/h1>\n\t<\/div> [\/vc_column][\/vc_row][vc_row full_width=&#8221;stretch_row&#8221; css=&#8221;.vc_custom_1460629297580{padding-top: 150px !important;padding-bottom: 150px !important;background: #f2f2f2 url(http:\/\/okthemes.com\/villenoirdemo\/wp-content\/uploads\/2016\/03\/the-estate-our-address.jpg?id=478) !important;background-position: center !important;background-repeat: no-repeat !important;background-size: cover !important;}&#8221;][vc_column offset=&#8221;vc_col-lg-offset-2 vc_col-lg-8 vc_col-md-offset-2 vc_col-md-8&#8243;]\n\t<div class=\"title-subtitle-box \" style=\" margin-bottom:90px; text-align: center;\">\n\t\t<p style=\"\">Il nostro indirizzo<\/p>\n\t\t<h1 style=\" font-weight: normal;\" >Tenuta Poggio La Pia, Localit\u00e0 Le Cavallinaie, 58045 Civitella Paganico (GR), Toscana, Italy<\/h1>\n\t<\/div> [vc_btn title=&#8221;Indicazioni stradali e contatti&#8221; style=&#8221;custom&#8221; custom_background=&#8221;#b0976d&#8221; custom_text=&#8221;#ffffff&#8221; shape=&#8221;square&#8221; align=&#8221;center&#8221; link=&#8221;url:%23||&#8221;][\/vc_column][\/vc_row]<\/p>\n","protected":false},"excerpt":{"rendered":"<p>[vc_row css=&#8221;.vc_custom_1458737831058{padding-bottom: 0px !important;}&#8221;][vc_column width=&#8221;1\/6&#8243;][\/vc_column][vc_column width=&#8221;2\/3&#8243; css=&#8221;.vc_custom_1458555142589{padding-right: 10% !important;padding-left: 10% !important;}&#8221;][vc_column_text]Andrea Sozzi Sabatini acquista tenuta Poggio La Pia nel 2015, dopo aver concluso a una lunga carriera finanziaria tra Londra,<br class=\"read-more-spacer\"> <a class=\"more-link\" href=\"https:\/\/www.etrurio.com\/it\/tenuta-poggio-la-pia\/\">Read More<\/a><\/p>\n","protected":false},"author":1,"featured_media":1582,"parent":0,"menu_order":0,"comment_status":"closed","ping_status":"closed","template":"","meta":{"footnotes":""},"class_list":["post-1792","page","type-page","status-publish","has-post-thumbnail","hentry"],"yoast_head":"<!-- This site is optimized with the Yoast SEO plugin v27.5 - https:\/\/yoast.com\/product\/yoast-seo-wordpress\/ -->\n<title>Tenuta Poggio la Pia - Etrurio<\/title>\n<meta name=\"robots\" content=\"index, follow, max-snippet:-1, max-image-preview:large, max-video-preview:-1\" \/>\n<link rel=\"canonical\" href=\"https:\/\/www.etrurio.com\/it\/tenuta-poggio-la-pia\/\" \/>\n<meta property=\"og:locale\" content=\"it_IT\" \/>\n<meta property=\"og:type\" content=\"article\" \/>\n<meta property=\"og:title\" content=\"Tenuta Poggio la Pia - Etrurio\" \/>\n<meta property=\"og:description\" content=\"[vc_row css=&#8221;.vc_custom_1458737831058{padding-bottom: 0px !important;}&#8221;][vc_column width=&#8221;1\/6&#8243;][\/vc_column][vc_column width=&#8221;2\/3&#8243; css=&#8221;.vc_custom_1458555142589{padding-right: 10% !important;padding-left: 10% !important;}&#8221;][vc_column_text]Andrea Sozzi Sabatini acquista tenuta Poggio La Pia nel 2015, dopo aver concluso a una lunga carriera finanziaria tra Londra, Read More\" \/>\n<meta property=\"og:url\" content=\"https:\/\/www.etrurio.com\/it\/tenuta-poggio-la-pia\/\" \/>\n<meta property=\"og:site_name\" content=\"Etrurio\" \/>\n<meta property=\"article:modified_time\" content=\"2020-01-24T14:50:32+00:00\" \/>\n<meta property=\"og:image\" content=\"https:\/\/www.etrurio.com\/wp-content\/uploads\/2019\/12\/Civitella-colour.jpg\" \/>\n\t<meta property=\"og:image:width\" content=\"1268\" \/>\n\t<meta property=\"og:image:height\" content=\"573\" \/>\n\t<meta property=\"og:image:type\" content=\"image\/jpeg\" \/>\n<meta name=\"twitter:card\" content=\"summary_large_image\" \/>\n<meta name=\"twitter:label1\" content=\"Tempo di lettura stimato\" \/>\n\t<meta name=\"twitter:data1\" content=\"5 minuti\" \/>\n<script type=\"application\/ld+json\" class=\"yoast-schema-graph\">{\"@context\":\"https:\\\/\\\/schema.org\",\"@graph\":[{\"@type\":\"WebPage\",\"@id\":\"https:\\\/\\\/www.etrurio.com\\\/it\\\/tenuta-poggio-la-pia\\\/\",\"url\":\"https:\\\/\\\/www.etrurio.com\\\/it\\\/tenuta-poggio-la-pia\\\/\",\"name\":\"Tenuta Poggio la Pia - Etrurio\",\"isPartOf\":{\"@id\":\"https:\\\/\\\/www.etrurio.com\\\/#website\"},\"primaryImageOfPage\":{\"@id\":\"https:\\\/\\\/www.etrurio.com\\\/it\\\/tenuta-poggio-la-pia\\\/#primaryimage\"},\"image\":{\"@id\":\"https:\\\/\\\/www.etrurio.com\\\/it\\\/tenuta-poggio-la-pia\\\/#primaryimage\"},\"thumbnailUrl\":\"https:\\\/\\\/www.etrurio.com\\\/wp-content\\\/uploads\\\/2019\\\/12\\\/Civitella-colour.jpg\",\"datePublished\":\"2019-12-17T16:04:17+00:00\",\"dateModified\":\"2020-01-24T14:50:32+00:00\",\"breadcrumb\":{\"@id\":\"https:\\\/\\\/www.etrurio.com\\\/it\\\/tenuta-poggio-la-pia\\\/#breadcrumb\"},\"inLanguage\":\"it-IT\",\"potentialAction\":[{\"@type\":\"ReadAction\",\"target\":[\"https:\\\/\\\/www.etrurio.com\\\/it\\\/tenuta-poggio-la-pia\\\/\"]}]},{\"@type\":\"ImageObject\",\"inLanguage\":\"it-IT\",\"@id\":\"https:\\\/\\\/www.etrurio.com\\\/it\\\/tenuta-poggio-la-pia\\\/#primaryimage\",\"url\":\"https:\\\/\\\/www.etrurio.com\\\/wp-content\\\/uploads\\\/2019\\\/12\\\/Civitella-colour.jpg\",\"contentUrl\":\"https:\\\/\\\/www.etrurio.com\\\/wp-content\\\/uploads\\\/2019\\\/12\\\/Civitella-colour.jpg\",\"width\":1268,\"height\":573},{\"@type\":\"BreadcrumbList\",\"@id\":\"https:\\\/\\\/www.etrurio.com\\\/it\\\/tenuta-poggio-la-pia\\\/#breadcrumb\",\"itemListElement\":[{\"@type\":\"ListItem\",\"position\":1,\"name\":\"Home\",\"item\":\"https:\\\/\\\/www.etrurio.com\\\/it\\\/\"},{\"@type\":\"ListItem\",\"position\":2,\"name\":\"Tenuta Poggio la Pia\"}]},{\"@type\":\"WebSite\",\"@id\":\"https:\\\/\\\/www.etrurio.com\\\/#website\",\"url\":\"https:\\\/\\\/www.etrurio.com\\\/\",\"name\":\"Etrurio\",\"description\":\"\",\"potentialAction\":[{\"@type\":\"SearchAction\",\"target\":{\"@type\":\"EntryPoint\",\"urlTemplate\":\"https:\\\/\\\/www.etrurio.com\\\/?s={search_term_string}\"},\"query-input\":{\"@type\":\"PropertyValueSpecification\",\"valueRequired\":true,\"valueName\":\"search_term_string\"}}],\"inLanguage\":\"it-IT\"}]}<\/script>\n<!-- \/ Yoast SEO plugin. -->","yoast_head_json":{"title":"Tenuta Poggio la Pia - Etrurio","robots":{"index":"index","follow":"follow","max-snippet":"max-snippet:-1","max-image-preview":"max-image-preview:large","max-video-preview":"max-video-preview:-1"},"canonical":"https:\/\/www.etrurio.com\/it\/tenuta-poggio-la-pia\/","og_locale":"it_IT","og_type":"article","og_title":"Tenuta Poggio la Pia - Etrurio","og_description":"[vc_row css=&#8221;.vc_custom_1458737831058{padding-bottom: 0px !important;}&#8221;][vc_column width=&#8221;1\/6&#8243;][\/vc_column][vc_column width=&#8221;2\/3&#8243; css=&#8221;.vc_custom_1458555142589{padding-right: 10% !important;padding-left: 10% !important;}&#8221;][vc_column_text]Andrea Sozzi Sabatini acquista tenuta Poggio La Pia nel 2015, dopo aver concluso a una lunga carriera finanziaria tra Londra, Read More","og_url":"https:\/\/www.etrurio.com\/it\/tenuta-poggio-la-pia\/","og_site_name":"Etrurio","article_modified_time":"2020-01-24T14:50:32+00:00","og_image":[{"width":1268,"height":573,"url":"https:\/\/www.etrurio.com\/wp-content\/uploads\/2019\/12\/Civitella-colour.jpg","type":"image\/jpeg"}],"twitter_card":"summary_large_image","twitter_misc":{"Tempo di lettura stimato":"5 minuti"},"schema":{"@context":"https:\/\/schema.org","@graph":[{"@type":"WebPage","@id":"https:\/\/www.etrurio.com\/it\/tenuta-poggio-la-pia\/","url":"https:\/\/www.etrurio.com\/it\/tenuta-poggio-la-pia\/","name":"Tenuta Poggio la Pia - Etrurio","isPartOf":{"@id":"https:\/\/www.etrurio.com\/#website"},"primaryImageOfPage":{"@id":"https:\/\/www.etrurio.com\/it\/tenuta-poggio-la-pia\/#primaryimage"},"image":{"@id":"https:\/\/www.etrurio.com\/it\/tenuta-poggio-la-pia\/#primaryimage"},"thumbnailUrl":"https:\/\/www.etrurio.com\/wp-content\/uploads\/2019\/12\/Civitella-colour.jpg","datePublished":"2019-12-17T16:04:17+00:00","dateModified":"2020-01-24T14:50:32+00:00","breadcrumb":{"@id":"https:\/\/www.etrurio.com\/it\/tenuta-poggio-la-pia\/#breadcrumb"},"inLanguage":"it-IT","potentialAction":[{"@type":"ReadAction","target":["https:\/\/www.etrurio.com\/it\/tenuta-poggio-la-pia\/"]}]},{"@type":"ImageObject","inLanguage":"it-IT","@id":"https:\/\/www.etrurio.com\/it\/tenuta-poggio-la-pia\/#primaryimage","url":"https:\/\/www.etrurio.com\/wp-content\/uploads\/2019\/12\/Civitella-colour.jpg","contentUrl":"https:\/\/www.etrurio.com\/wp-content\/uploads\/2019\/12\/Civitella-colour.jpg","width":1268,"height":573},{"@type":"BreadcrumbList","@id":"https:\/\/www.etrurio.com\/it\/tenuta-poggio-la-pia\/#breadcrumb","itemListElement":[{"@type":"ListItem","position":1,"name":"Home","item":"https:\/\/www.etrurio.com\/it\/"},{"@type":"ListItem","position":2,"name":"Tenuta Poggio la Pia"}]},{"@type":"WebSite","@id":"https:\/\/www.etrurio.com\/#website","url":"https:\/\/www.etrurio.com\/","name":"Etrurio","description":"","potentialAction":[{"@type":"SearchAction","target":{"@type":"EntryPoint","urlTemplate":"https:\/\/www.etrurio.com\/?s={search_term_string}"},"query-input":{"@type":"PropertyValueSpecification","valueRequired":true,"valueName":"search_term_string"}}],"inLanguage":"it-IT"}]}},"_links":{"self":[{"href":"https:\/\/www.etrurio.com\/it\/wp-json\/wp\/v2\/pages\/1792","targetHints":{"allow":["GET"]}}],"collection":[{"href":"https:\/\/www.etrurio.com\/it\/wp-json\/wp\/v2\/pages"}],"about":[{"href":"https:\/\/www.etrurio.com\/it\/wp-json\/wp\/v2\/types\/page"}],"author":[{"embeddable":true,"href":"https:\/\/www.etrurio.com\/it\/wp-json\/wp\/v2\/users\/1"}],"replies":[{"embeddable":true,"href":"https:\/\/www.etrurio.com\/it\/wp-json\/wp\/v2\/comments?post=1792"}],"version-history":[{"count":0,"href":"https:\/\/www.etrurio.com\/it\/wp-json\/wp\/v2\/pages\/1792\/revisions"}],"wp:featuredmedia":[{"embeddable":true,"href":"https:\/\/www.etrurio.com\/it\/wp-json\/wp\/v2\/media\/1582"}],"wp:attachment":[{"href":"https:\/\/www.etrurio.com\/it\/wp-json\/wp\/v2\/media?parent=1792"}],"curies":[{"name":"wp","href":"https:\/\/api.w.org\/{rel}","templated":true}]}}