{"id":1789,"date":"2016-03-15T14:31:38","date_gmt":"2016-03-15T14:31:38","guid":{"rendered":"https:\/\/www.etrurio.com\/sito2020\/our-story\/"},"modified":"2020-01-24T15:20:29","modified_gmt":"2020-01-24T14:20:29","slug":"nostra-storia","status":"publish","type":"page","link":"https:\/\/www.etrurio.com\/it\/nostra-storia\/","title":{"rendered":"La Nostra Storia"},"content":{"rendered":"<p>[vc_row full_width=&#8221;stretch_row&#8221; css=&#8221;.vc_custom_1469107646994{padding-top: 120px !important;background-image: url(https:\/\/www.etrurio.com\/wp-content\/uploads\/2016\/03\/our-story-back-image-17.jpg?id=1062) !important;background-position: 0 0 !important;background-repeat: no-repeat !important;}&#8221; el_class=&#8221;gg-force-background-bottom&#8221;][vc_column width=&#8221;1\/2&#8243;][vc_column_text]<\/p>\n<h2>La nostra passione per l&#8217;olio d&#8217;oliva<\/h2>\n<p>Michelangelo Buonarroti una volta disse: &#8220;Il pi\u00f9 grande pericolo per molti di noi non sta nel fatto che i nostri obiettivi siano troppo elevati e quindi non riusciamo a raggiungerli, ma nel fatto che siano troppo bassi e che li si raggiunga&#8221;.<\/p>\n<p>Ecco perch\u00e9 non siamo mai soddisfatti di quanto ottenuto e cerchiamo costantemente di migliorarci.<\/p>\n<h2>L&#8217;innovazione della tradizione<\/h2>\n<p>Crediamo che non ci sia una linea divisoria tra tradizione e innovazione. Come nell&#8217;arte, cos\u00ec nella ricerca, l&#8217;innovazione si allinea alla contemporaneit\u00e0. Un&#8217;opera d&#8217;arte contemporanea \u00e8 facile da riconoscere in quanto offre un modo completamente nuovo di vedere la realt\u00e0. Allo stesso modo, la migliore innovazione in agricoltura \u00e8 quella che combina nuove tecnologie e innovazione con tradizioni secolari.<\/p>\n<h2>Biodiversit\u00e0<\/h2>\n<p>In ETRURIO riteniamo che sia fondamentale preservare la biodiversit\u00e0 del nostro patrimonio genetico. Per questo motivo abbiamo creato un hortus botanicus che raccoglie una grande variet\u00e0 di germoplasma olivicolo, classificato a fini scientifici.<\/p>\n<p>[\/vc_column_text][\/vc_column][vc_column width=&#8221;1\/2&#8243;]\n\t<div class=\"title-subtitle-box \" style=\" padding: 90px 0 0 0px; text-align: center;\">\n\t\t<h1 style=\" font-weight: normal;\" >Produciamo oli d'oliva pregiati che arricchiscono gusto&amp;anima.<\/h1>\n\t<\/div> [\/vc_column][\/vc_row][vc_row full_width=&#8221;stretch_row&#8221; css=&#8221;.vc_custom_1460974692501{background-color: #f1f1f1 !important;}&#8221;][vc_column]\n\t<div class=\"title-subtitle-box \" style=\" margin-bottom:90px; text-align: left;\">\n\t\t<p style=\"\">ETRURIO<\/p>\n\t\t<h1 style=\" font-weight: normal;\" >Il nostro percorso<\/h1>\n\t<\/div> <section id=\"cd-timeline\" class=\"cd-container horizontal\">\n\t<div class=\"cd-timeline-block\">\n\t\t<div class=\"cd-timeline-img cd-picture\">\n\t\t<img decoding=\"async\" src=\"https:\/\/www.etrurio.com\/wp-content\/themes\/villenoir\/images\/cd-icon-location.svg\" alt=\"Location\">\n\t\t<\/div>\n\t\t<div class=\"cd-timeline-content\">\n\t\t <img decoding=\"async\" class=\"wp-post-image \" src=\"https:\/\/www.etrurio.com\/wp-content\/uploads\/2019\/12\/20191221-Giovanni-SS-piccolo.jpg\" alt=\"\" \/> \n\t\t<div class=\"cd-timeline-content-wrapper\">\n\t\t<p class=\"cd-title\">Giovanni Sozzi Sabatini<\/p>\n\t\t<p>Giovanni si laurea in Agraria all'Universit\u00e0 di Firenze con una tesi sull'olivo<\/p>\n\t\t<h4 class=\"cd-date\">1965<\/h4>\n\t\t<\/div>\n\t\t<\/div>\n\t<\/div>\n\t<div class=\"cd-timeline-block\">\n\t\t<div class=\"cd-timeline-img cd-picture\">\n\t\t<img decoding=\"async\" src=\"https:\/\/www.etrurio.com\/wp-content\/themes\/villenoir\/images\/cd-icon-location.svg\" alt=\"Location\">\n\t\t<\/div>\n\t\t<div class=\"cd-timeline-content\">\n\t\t <img decoding=\"async\" class=\"wp-post-image \" src=\"https:\/\/www.etrurio.com\/wp-content\/uploads\/2019\/12\/statua-gazebo-scaled.jpg\" alt=\"\" \/> \n\t\t<div class=\"cd-timeline-content-wrapper\">\n\t\t<p class=\"cd-title\">Tenuta Poggio Rosso<\/p>\n\t\t<p>Nel 1973 Giovanni e Sandra comprano la tenuta di Poggio Rosso dove ha inizio la nostra produzione di olio d'oliva<\/p>\n\t\t<h4 class=\"cd-date\">1973<\/h4>\n\t\t<\/div>\n\t\t<\/div>\n\t<\/div>\n\t<div class=\"cd-timeline-block\">\n\t\t<div class=\"cd-timeline-img cd-picture\">\n\t\t<img decoding=\"async\" src=\"https:\/\/www.etrurio.com\/wp-content\/themes\/villenoir\/images\/cd-icon-location.svg\" alt=\"Location\">\n\t\t<\/div>\n\t\t<div class=\"cd-timeline-content\">\n\t\t <img decoding=\"async\" class=\"wp-post-image \" src=\"https:\/\/www.etrurio.com\/wp-content\/uploads\/2019\/12\/Civitella-colour.jpg\" alt=\"\" \/> \n\t\t<div class=\"cd-timeline-content-wrapper\">\n\t\t<p class=\"cd-title\">Tenuta Poggio La Pia<\/p>\n\t\t<p>Andrea compra 46 ettari di terreno a Civitella Marittima e crea il marchio ETRURIO<\/p>\n\t\t<h4 class=\"cd-date\">2015<\/h4>\n\t\t<\/div>\n\t\t<\/div>\n\t<\/div>\n\t<div class=\"cd-timeline-block\">\n\t\t<div class=\"cd-timeline-img cd-picture\">\n\t\t<img decoding=\"async\" src=\"https:\/\/www.etrurio.com\/wp-content\/themes\/villenoir\/images\/cd-icon-location.svg\" alt=\"Location\">\n\t\t<\/div>\n\t\t<div class=\"cd-timeline-content\">\n\t\t <img decoding=\"async\" class=\"wp-post-image \" src=\"https:\/\/www.etrurio.com\/wp-content\/uploads\/2019\/12\/allegro.jpg\" alt=\"\" \/> \n\t\t<div class=\"cd-timeline-content-wrapper\">\n\t\t<p class=\"cd-title\">Prima produzione e premi vinti<\/p>\n\t\t<p>Nel 2017 ETRURIO produce il primo olio e vince il suo primo premio internazionale<\/p>\n<p style='color:transparent;'>.<\/p>\n<div class='vc_btn3-container vc_btn3-center'><a class='button' href='https:\/\/www.etrurio.com\/it\/premi\/'>Leggi di pi\u00f9<\/a><\/div>\n<p><\/p>\n\t\t<h4 class=\"cd-date\">2017<\/h4>\n\t\t<\/div>\n\t\t<\/div>\n\t<\/div><\/section>[\/vc_column][\/vc_row]<\/p>\n","protected":false},"excerpt":{"rendered":"<p>[vc_row full_width=&#8221;stretch_row&#8221; css=&#8221;.vc_custom_1469107646994{padding-top: 120px !important;background-image: url(https:\/\/www.etrurio.com\/wp-content\/uploads\/2016\/03\/our-story-back-image-17.jpg?id=1062) !important;background-position: 0 0 !important;background-repeat: no-repeat !important;}&#8221; el_class=&#8221;gg-force-background-bottom&#8221;][vc_column width=&#8221;1\/2&#8243;][vc_column_text] La nostra passione per l&#8217;olio d&#8217;oliva Michelangelo Buonarroti una volta disse: &#8220;Il pi\u00f9 grande pericolo per<br class=\"read-more-spacer\"> <a class=\"more-link\" href=\"https:\/\/www.etrurio.com\/it\/nostra-storia\/\">Read More<\/a><\/p>\n","protected":false},"author":1,"featured_media":1644,"parent":0,"menu_order":0,"comment_status":"closed","ping_status":"closed","template":"","meta":{"footnotes":""},"class_list":["post-1789","page","type-page","status-publish","has-post-thumbnail","hentry"],"yoast_head":"<!-- This site is optimized with the Yoast SEO plugin v27.5 - https:\/\/yoast.com\/product\/yoast-seo-wordpress\/ -->\n<title>La Nostra Storia - the innovation of the tradition - Etrurio<\/title>\n<meta name=\"description\" content=\"Etrurio \u00e8 un marchio di cibi italianti di alta qualit\u00e0 - olio extravergine di oliva e colture sperimentali come pistacchi, luppolo e feijoa.\" \/>\n<meta name=\"robots\" content=\"index, follow, max-snippet:-1, max-image-preview:large, max-video-preview:-1\" \/>\n<link rel=\"canonical\" href=\"https:\/\/www.etrurio.com\/it\/nostra-storia\/\" \/>\n<meta property=\"og:locale\" content=\"it_IT\" \/>\n<meta property=\"og:type\" content=\"article\" \/>\n<meta property=\"og:title\" content=\"La Nostra Storia - the innovation of the tradition - Etrurio\" \/>\n<meta property=\"og:description\" content=\"Etrurio \u00e8 un marchio di cibi italianti di alta qualit\u00e0 - olio extravergine di oliva e colture sperimentali come pistacchi, luppolo e feijoa.\" \/>\n<meta property=\"og:url\" content=\"https:\/\/www.etrurio.com\/it\/nostra-storia\/\" \/>\n<meta property=\"og:site_name\" content=\"Etrurio\" \/>\n<meta property=\"article:modified_time\" content=\"2020-01-24T14:20:29+00:00\" \/>\n<meta property=\"og:image\" content=\"https:\/\/www.etrurio.com\/wp-content\/uploads\/2019\/12\/la-nostra-storia-2.jpg\" \/>\n\t<meta property=\"og:image:width\" content=\"1684\" \/>\n\t<meta property=\"og:image:height\" content=\"1123\" \/>\n\t<meta property=\"og:image:type\" content=\"image\/jpeg\" \/>\n<meta name=\"twitter:card\" content=\"summary_large_image\" \/>\n<meta name=\"twitter:label1\" content=\"Tempo di lettura stimato\" \/>\n\t<meta name=\"twitter:data1\" content=\"2 minuti\" \/>\n<script type=\"application\/ld+json\" class=\"yoast-schema-graph\">{\"@context\":\"https:\\\/\\\/schema.org\",\"@graph\":[{\"@type\":\"WebPage\",\"@id\":\"https:\\\/\\\/www.etrurio.com\\\/it\\\/nostra-storia\\\/\",\"url\":\"https:\\\/\\\/www.etrurio.com\\\/it\\\/nostra-storia\\\/\",\"name\":\"La Nostra Storia - the innovation of the tradition - Etrurio\",\"isPartOf\":{\"@id\":\"https:\\\/\\\/www.etrurio.com\\\/#website\"},\"primaryImageOfPage\":{\"@id\":\"https:\\\/\\\/www.etrurio.com\\\/it\\\/nostra-storia\\\/#primaryimage\"},\"image\":{\"@id\":\"https:\\\/\\\/www.etrurio.com\\\/it\\\/nostra-storia\\\/#primaryimage\"},\"thumbnailUrl\":\"https:\\\/\\\/www.etrurio.com\\\/wp-content\\\/uploads\\\/2019\\\/12\\\/la-nostra-storia-2.jpg\",\"datePublished\":\"2016-03-15T14:31:38+00:00\",\"dateModified\":\"2020-01-24T14:20:29+00:00\",\"description\":\"Etrurio \u00e8 un marchio di cibi italianti di alta qualit\u00e0 - olio extravergine di oliva e colture sperimentali come pistacchi, luppolo e feijoa.\",\"breadcrumb\":{\"@id\":\"https:\\\/\\\/www.etrurio.com\\\/it\\\/nostra-storia\\\/#breadcrumb\"},\"inLanguage\":\"it-IT\",\"potentialAction\":[{\"@type\":\"ReadAction\",\"target\":[\"https:\\\/\\\/www.etrurio.com\\\/it\\\/nostra-storia\\\/\"]}]},{\"@type\":\"ImageObject\",\"inLanguage\":\"it-IT\",\"@id\":\"https:\\\/\\\/www.etrurio.com\\\/it\\\/nostra-storia\\\/#primaryimage\",\"url\":\"https:\\\/\\\/www.etrurio.com\\\/wp-content\\\/uploads\\\/2019\\\/12\\\/la-nostra-storia-2.jpg\",\"contentUrl\":\"https:\\\/\\\/www.etrurio.com\\\/wp-content\\\/uploads\\\/2019\\\/12\\\/la-nostra-storia-2.jpg\",\"width\":1684,\"height\":1123},{\"@type\":\"BreadcrumbList\",\"@id\":\"https:\\\/\\\/www.etrurio.com\\\/it\\\/nostra-storia\\\/#breadcrumb\",\"itemListElement\":[{\"@type\":\"ListItem\",\"position\":1,\"name\":\"Home\",\"item\":\"https:\\\/\\\/www.etrurio.com\\\/it\\\/\"},{\"@type\":\"ListItem\",\"position\":2,\"name\":\"La Nostra Storia\"}]},{\"@type\":\"WebSite\",\"@id\":\"https:\\\/\\\/www.etrurio.com\\\/#website\",\"url\":\"https:\\\/\\\/www.etrurio.com\\\/\",\"name\":\"Etrurio\",\"description\":\"\",\"potentialAction\":[{\"@type\":\"SearchAction\",\"target\":{\"@type\":\"EntryPoint\",\"urlTemplate\":\"https:\\\/\\\/www.etrurio.com\\\/?s={search_term_string}\"},\"query-input\":{\"@type\":\"PropertyValueSpecification\",\"valueRequired\":true,\"valueName\":\"search_term_string\"}}],\"inLanguage\":\"it-IT\"}]}<\/script>\n<!-- \/ Yoast SEO plugin. -->","yoast_head_json":{"title":"La Nostra Storia - the innovation of the tradition - Etrurio","description":"Etrurio \u00e8 un marchio di cibi italianti di alta qualit\u00e0 - olio extravergine di oliva e colture sperimentali come pistacchi, luppolo e feijoa.","robots":{"index":"index","follow":"follow","max-snippet":"max-snippet:-1","max-image-preview":"max-image-preview:large","max-video-preview":"max-video-preview:-1"},"canonical":"https:\/\/www.etrurio.com\/it\/nostra-storia\/","og_locale":"it_IT","og_type":"article","og_title":"La Nostra Storia - the innovation of the tradition - Etrurio","og_description":"Etrurio \u00e8 un marchio di cibi italianti di alta qualit\u00e0 - olio extravergine di oliva e colture sperimentali come pistacchi, luppolo e feijoa.","og_url":"https:\/\/www.etrurio.com\/it\/nostra-storia\/","og_site_name":"Etrurio","article_modified_time":"2020-01-24T14:20:29+00:00","og_image":[{"width":1684,"height":1123,"url":"https:\/\/www.etrurio.com\/wp-content\/uploads\/2019\/12\/la-nostra-storia-2.jpg","type":"image\/jpeg"}],"twitter_card":"summary_large_image","twitter_misc":{"Tempo di lettura stimato":"2 minuti"},"schema":{"@context":"https:\/\/schema.org","@graph":[{"@type":"WebPage","@id":"https:\/\/www.etrurio.com\/it\/nostra-storia\/","url":"https:\/\/www.etrurio.com\/it\/nostra-storia\/","name":"La Nostra Storia - the innovation of the tradition - Etrurio","isPartOf":{"@id":"https:\/\/www.etrurio.com\/#website"},"primaryImageOfPage":{"@id":"https:\/\/www.etrurio.com\/it\/nostra-storia\/#primaryimage"},"image":{"@id":"https:\/\/www.etrurio.com\/it\/nostra-storia\/#primaryimage"},"thumbnailUrl":"https:\/\/www.etrurio.com\/wp-content\/uploads\/2019\/12\/la-nostra-storia-2.jpg","datePublished":"2016-03-15T14:31:38+00:00","dateModified":"2020-01-24T14:20:29+00:00","description":"Etrurio \u00e8 un marchio di cibi italianti di alta qualit\u00e0 - olio extravergine di oliva e colture sperimentali come pistacchi, luppolo e feijoa.","breadcrumb":{"@id":"https:\/\/www.etrurio.com\/it\/nostra-storia\/#breadcrumb"},"inLanguage":"it-IT","potentialAction":[{"@type":"ReadAction","target":["https:\/\/www.etrurio.com\/it\/nostra-storia\/"]}]},{"@type":"ImageObject","inLanguage":"it-IT","@id":"https:\/\/www.etrurio.com\/it\/nostra-storia\/#primaryimage","url":"https:\/\/www.etrurio.com\/wp-content\/uploads\/2019\/12\/la-nostra-storia-2.jpg","contentUrl":"https:\/\/www.etrurio.com\/wp-content\/uploads\/2019\/12\/la-nostra-storia-2.jpg","width":1684,"height":1123},{"@type":"BreadcrumbList","@id":"https:\/\/www.etrurio.com\/it\/nostra-storia\/#breadcrumb","itemListElement":[{"@type":"ListItem","position":1,"name":"Home","item":"https:\/\/www.etrurio.com\/it\/"},{"@type":"ListItem","position":2,"name":"La Nostra Storia"}]},{"@type":"WebSite","@id":"https:\/\/www.etrurio.com\/#website","url":"https:\/\/www.etrurio.com\/","name":"Etrurio","description":"","potentialAction":[{"@type":"SearchAction","target":{"@type":"EntryPoint","urlTemplate":"https:\/\/www.etrurio.com\/?s={search_term_string}"},"query-input":{"@type":"PropertyValueSpecification","valueRequired":true,"valueName":"search_term_string"}}],"inLanguage":"it-IT"}]}},"_links":{"self":[{"href":"https:\/\/www.etrurio.com\/it\/wp-json\/wp\/v2\/pages\/1789","targetHints":{"allow":["GET"]}}],"collection":[{"href":"https:\/\/www.etrurio.com\/it\/wp-json\/wp\/v2\/pages"}],"about":[{"href":"https:\/\/www.etrurio.com\/it\/wp-json\/wp\/v2\/types\/page"}],"author":[{"embeddable":true,"href":"https:\/\/www.etrurio.com\/it\/wp-json\/wp\/v2\/users\/1"}],"replies":[{"embeddable":true,"href":"https:\/\/www.etrurio.com\/it\/wp-json\/wp\/v2\/comments?post=1789"}],"version-history":[{"count":0,"href":"https:\/\/www.etrurio.com\/it\/wp-json\/wp\/v2\/pages\/1789\/revisions"}],"wp:featuredmedia":[{"embeddable":true,"href":"https:\/\/www.etrurio.com\/it\/wp-json\/wp\/v2\/media\/1644"}],"wp:attachment":[{"href":"https:\/\/www.etrurio.com\/it\/wp-json\/wp\/v2\/media?parent=1789"}],"curies":[{"name":"wp","href":"https:\/\/api.w.org\/{rel}","templated":true}]}}