{"id":1787,"date":"2016-03-18T14:14:52","date_gmt":"2016-03-18T14:14:52","guid":{"rendered":"https:\/\/www.etrurio.com\/sito2020\/our-olive-oils\/"},"modified":"2021-05-30T16:00:56","modified_gmt":"2021-05-30T14:00:56","slug":"nostri-oli-d-oliva","status":"publish","type":"page","link":"https:\/\/www.etrurio.com\/it\/nostri-oli-d-oliva\/","title":{"rendered":"I Nostri Oli d&#8217;Oliva"},"content":{"rendered":"<p>[vc_row full_width=&#8221;stretch_row_content_no_spaces&#8221; equal_height=&#8221;yes&#8221; content_placement=&#8221;middle&#8221; css=&#8221;.vc_custom_1577964500489{margin-top: 150px !important;background-color: #f1f1f1 !important;}&#8221;][vc_column width=&#8221;7\/12&#8243; offset=&#8221;vc_col-lg-8 vc_col-md-8&#8243;][vc_gallery interval=&#8221;3&#8243; images=&#8221;1916,1914,1912&#8243; img_size=&#8221;full&#8221;][vc_row_inner][vc_column_inner width=&#8221;1\/3&#8243;]\n\t<div class=\"counter-holder media  \" style=\"text-align:center;   \">\n\t\t\t<div class=\"counter-content media-body\">\n\t\t\t\t<span style=\" font-size:60px;\" class=\"counter\" data-number=\"14\" data-interval=\"100\" data-speed=\"1500\">14<\/span>\n\t\t\t\t<p >Variet\u00e0<\/p>\n\t\t\t<\/div>\n\t<\/div> [\/vc_column_inner][vc_column_inner width=&#8221;1\/3&#8243;]\n\t<div class=\"counter-holder media  \" style=\"text-align:center;   \">\n\t\t\t<div class=\"counter-content media-body\">\n\t\t\t\t<span style=\" font-size:60px;\" class=\"counter\" data-number=\"6\" data-interval=\"100\" data-speed=\"1500\">6<\/span>\n\t\t\t\t<p >Produzione oli<\/p>\n\t\t\t<\/div>\n\t<\/div> [\/vc_column_inner][vc_column_inner width=&#8221;1\/3&#8243;]\n\t<div class=\"counter-holder media  \" style=\"text-align:center;   \">\n\t\t\t<div class=\"counter-content media-body\">\n\t\t\t\t<span style=\" font-size:60px;\" class=\"counter\" data-number=\"9\" data-interval=\"100\" data-speed=\"1500\">9<\/span>\n\t\t\t\t<p >Premi vinti<\/p>\n\t\t\t<\/div>\n\t<\/div> [\/vc_column_inner][\/vc_row_inner][\/vc_column][vc_column width=&#8221;5\/12&#8243; css=&#8221;.vc_custom_1460371798588{padding: 20% !important;background: #ffffff url(https:\/\/www.etrurio.com\/wp-content\/uploads\/2016\/03\/triangles-icn-17.png?id=315) !important;background-position: 0 0 !important;background-repeat: no-repeat !important;}&#8221; offset=&#8221;vc_col-lg-4 vc_col-md-4&#8243;]\n\t<div class=\"title-subtitle-box \" style=\" text-align: left;\">\n\t\t<p style=\"\">Tipologie<\/p>\n\t\t<h2 style=\" font-weight: normal;\" >I nostri oli d'oliva extra vergine<\/h2>\n\t<\/div> \n\t<div class=\"gg_list list_style_line  \">\n<ul>\n<li>Gusto Fruttato Intenso<\/li>\n<li>Gusto Fruttato Medio<\/li>\n<li>Gusto Fruttato Delicato<\/li>\n<\/ul>\n<\/div>[\/vc_column][\/vc_row][vc_row full_width=&#8221;stretch_row_content_no_spaces&#8221; equal_height=&#8221;yes&#8221; content_placement=&#8221;middle&#8221; css=&#8221;.vc_custom_1577963306144{padding-top: 0px !important;background-color: #f1f1f1 !important;}&#8221;][vc_column width=&#8221;5\/12&#8243; css=&#8221;.vc_custom_1577964186920{padding-top: 20% !important;padding-right: 20% !important;padding-bottom: 20% !important;padding-left: 20% !important;background: #ffffff url(https:\/\/www.etrurio.com\/wp-content\/uploads\/2016\/03\/triangles-icn-17.png?id=315) !important;background-position: 0 0 !important;background-repeat: no-repeat !important;}&#8221; offset=&#8221;vc_col-lg-4 vc_col-md-4&#8243;]\n\t<div class=\"title-subtitle-box \" style=\" text-align: left;\">\n\t\t<p style=\"\">TIPOLOGIA<\/p>\n\t\t<h2 style=\" font-weight: normal;\" >Gusto Fruttato Delicato<\/h2>\n\t<\/div> \n\t<div class=\"gg_list list_style_line  \">\n<ul>\n<li>ALLEGRO<\/li>\n<\/ul>\n<\/div>[\/vc_column][vc_column width=&#8221;7\/12&#8243; offset=&#8221;vc_col-lg-8 vc_col-md-8&#8243; css=&#8221;.vc_custom_1577964035898{padding-left: 60px !important;}&#8221;][vc_single_image image=&#8221;1693&#8243; img_size=&#8221;full&#8221; alignment=&#8221;right&#8221; el_class=&#8221;force-90-width-large-screen&#8221;][\/vc_column][\/vc_row][vc_row full_width=&#8221;stretch_row_content_no_spaces&#8221; equal_height=&#8221;yes&#8221; content_placement=&#8221;middle&#8221; css=&#8221;.vc_custom_1577964512804{padding-top: 0px !important;background-color: #f1f1f1 !important;}&#8221;][vc_column width=&#8221;7\/12&#8243; offset=&#8221;vc_col-lg-8 vc_col-md-8&#8243; css=&#8221;.vc_custom_1577965128806{padding-right: 60px !important;}&#8221;][vc_gallery interval=&#8221;3&#8243; images=&#8221;1747,1749&#8243; img_size=&#8221;full&#8221;][\/vc_column][vc_column width=&#8221;5\/12&#8243; css=&#8221;.vc_custom_1577964272804{padding-top: 20% !important;padding-right: 20% !important;padding-bottom: 20% !important;padding-left: 20% !important;background: #ffffff url(https:\/\/www.etrurio.com\/wp-content\/uploads\/2016\/03\/triangles-icn-17.png?id=315) !important;background-position: 0 0 !important;background-repeat: no-repeat !important;}&#8221; offset=&#8221;vc_col-lg-4 vc_col-md-4&#8243;]\n\t<div class=\"title-subtitle-box \" style=\" text-align: left;\">\n\t\t<p style=\"\">TIPOLOGIA<\/p>\n\t\t<h2 style=\" font-weight: normal;\" >Gusto Fruttato Medio<\/h2>\n\t<\/div> \n\t<div class=\"gg_list list_style_line  \">\n<ul>\n<li>MOSSO<\/li>\n<li>VIVACE<\/li>\n<\/ul>\n<\/div>[\/vc_column][\/vc_row][vc_row full_width=&#8221;stretch_row_content_no_spaces&#8221; equal_height=&#8221;yes&#8221; content_placement=&#8221;middle&#8221; css=&#8221;.vc_custom_1577964521787{padding-top: 0px !important;background-color: #f1f1f1 !important;}&#8221;][vc_column width=&#8221;5\/12&#8243; css=&#8221;.vc_custom_1577964364594{padding-top: 20% !important;padding-right: 20% !important;padding-bottom: 20% !important;padding-left: 20% !important;background: #ffffff url(https:\/\/www.etrurio.com\/wp-content\/uploads\/2016\/03\/triangles-icn-17.png?id=315) !important;background-position: 0 0 !important;background-repeat: no-repeat !important;}&#8221; offset=&#8221;vc_col-lg-4 vc_col-md-3&#8243;]\n\t<div class=\"title-subtitle-box \" style=\" text-align: left;\">\n\t\t<p style=\"\">TIPOLOGIA<\/p>\n\t\t<h2 style=\" font-weight: normal;\" >Gusto Fruttato Intenso<\/h2>\n\t<\/div> \n\t<div class=\"gg_list list_style_line  \">\n<ul>\n<li>VIVACISSIMO<\/li>\n<li>SOSTENUTO<\/li>\n<li>TRADIZIONALE<\/li>\n<\/ul>\n<\/div>[\/vc_column][vc_column width=&#8221;7\/12&#8243; offset=&#8221;vc_col-lg-8 vc_col-md-8&#8243;][vc_gallery interval=&#8221;3&#8243; images=&#8221;1751,1753,1755&#8243; img_size=&#8221;full&#8221; css_animation=&#8221;fadeIn&#8221;][vc_row_inner][vc_column_inner width=&#8221;1\/3&#8243;]\n\t<div class=\"counter-holder media  \" style=\"text-align:center;   \">\n\t\t\t<div class=\"counter-content media-body\">\n\t\t\t\t<span style=\" font-size:60px;\" class=\"counter\" data-number=\"14\" data-interval=\"100\" data-speed=\"1500\">14<\/span>\n\t\t\t\t<p >Variet\u00e0<\/p>\n\t\t\t<\/div>\n\t<\/div> [\/vc_column_inner][vc_column_inner width=&#8221;1\/3&#8243;]\n\t<div class=\"counter-holder media  \" style=\"text-align:center;   \">\n\t\t\t<div class=\"counter-content media-body\">\n\t\t\t\t<span style=\" font-size:60px;\" class=\"counter\" data-number=\"2\" data-interval=\"100\" data-speed=\"1500\">2<\/span>\n\t\t\t\t<p >Dimensione Bottiglie<\/p>\n\t\t\t<\/div>\n\t<\/div> [\/vc_column_inner][vc_column_inner width=&#8221;1\/3&#8243;][\/vc_column_inner][\/vc_row_inner][\/vc_column][\/vc_row][vc_row css=&#8221;.vc_custom_1577444216882{padding-top: 40px !important;padding-bottom: 20px !important;}&#8221;][vc_column]\n\t<div class=\"title-subtitle-box \" style=\" padding: 0px 20px; text-align: center;\">\n\t\t<p style=\"\">Dal 2017<\/p>\n\t\t<h1 style=\" font-weight: normal;\" >ETRURIO - quando l'olio d'oliva diventa una sinfonia<\/h1>\n\t<\/div> [\/vc_column][\/vc_row][vc_row css=&#8221;.vc_custom_1577444237933{padding-top: 30px !important;padding-bottom: 30px !important;}&#8221;][vc_column width=&#8221;1\/3&#8243;]\n\t<div class=\"title-subtitle-box \" style=\" text-align: center;\">\n\t\t<h1 style=\" color:#d8c72b;  font-weight: normal;\" >ALLEGRO<\/h1>\n\t<\/div> [vc_column_text]ALLEGRO \u00e8 caratterizzato da un gusto leggero e delicato e allo stesso tempo da una notevole sensazione di freschezza accompagnata da profumi particolarmente intensi.[\/vc_column_text][\/vc_column][vc_column width=&#8221;1\/3&#8243;]\n\t<div class=\"title-subtitle-box \" style=\" text-align: center;\">\n\t\t<h1 style=\" color:#1d78c6;  font-weight: normal;\" >MOSSO<\/h1>\n\t<\/div> [vc_column_text]MOSSO \u00e8 un olio dal colore verde con riflessi dorati e dal sapore fresco e fragrante con un retrogusto che ricorda l&#8217;erba fresca e la nocciola.[\/vc_column_text][\/vc_column][vc_column width=&#8221;1\/3&#8243;]\n\t<div class=\"title-subtitle-box \" style=\" text-align: center;\">\n\t\t<h1 style=\" color:#d8832d;  font-weight: normal;\" >VIVACE<\/h1>\n\t<\/div> [vc_column_text]VIVACE \u00e8 un olio di grande personalit\u00e0 e di fragranze armoniose, caratterizzato da sensazioni verdi e pungenti e un retrogusto di carciofo.[\/vc_column_text][\/vc_column][\/vc_row][vc_row css=&#8221;.vc_custom_1577445570043{padding-top: 30px !important;padding-bottom: 30px !important;}&#8221;][vc_column width=&#8221;1\/3&#8243;]\n\t<div class=\"title-subtitle-box \" style=\" text-align: center;\">\n\t\t<h1 style=\" color:#c6b22d;  font-weight: normal;\" >TRADIZIONALE<\/h1>\n\t<\/div> [vc_column_text]TRADIZIONALE \u00e8 un\u00a0olio di color verde con riflessi dorati. Si distingue per uno spiccato gusto fragrante, con un intenso aroma di carciofo e retrogusto di noci, mandorle e nocciole, fragranze tipiche della sua terra di provenienza.[\/vc_column_text][\/vc_column][vc_column width=&#8221;1\/3&#8243;]\n\t<div class=\"title-subtitle-box \" style=\" text-align: center;\">\n\t\t<h1 style=\" color:#fcef3a;  font-weight: normal;\" >SOSTENUTO<\/h1>\n\t<\/div> [vc_column_text]SOSTENUTO \u00e8 un olio di grande personalit\u00e0 dal gusto &#8220;Deciso e Fragrante&#8221;. Dotato di un profilo sensoriale di grande armonia, combina sensazioni verdi, pungenti e pulite.[\/vc_column_text][\/vc_column][vc_column width=&#8221;1\/3&#8243;]\n\t<div class=\"title-subtitle-box \" style=\" text-align: center;\">\n\t\t<h1 style=\" color:#dd2a2a;  font-weight: normal;\" >VIVACISSIMO<\/h1>\n\t<\/div> [vc_column_text]VIVACISSIMO \u00e8 caratterizzato da una straordinaria e naturale sensazione di freschezza. Dal sapore complesso ed elegante, si contraddistingue per un retrogusto di erba fresca, carciofo, nocciola, mandorla, mela e pomodoro verde e un intenso aroma dai piacevoli sentori floreali.[\/vc_column_text][\/vc_column][\/vc_row]<\/p>\n","protected":false},"excerpt":{"rendered":"<p>[vc_row full_width=&#8221;stretch_row_content_no_spaces&#8221; equal_height=&#8221;yes&#8221; content_placement=&#8221;middle&#8221; css=&#8221;.vc_custom_1577964500489{margin-top: 150px !important;background-color: #f1f1f1 !important;}&#8221;][vc_column width=&#8221;7\/12&#8243; offset=&#8221;vc_col-lg-8 vc_col-md-8&#8243;][vc_gallery interval=&#8221;3&#8243; images=&#8221;1916,1914,1912&#8243; img_size=&#8221;full&#8221;][vc_row_inner][vc_column_inner width=&#8221;1\/3&#8243;][\/vc_column_inner][vc_column_inner width=&#8221;1\/3&#8243;][\/vc_column_inner][vc_column_inner width=&#8221;1\/3&#8243;][\/vc_column_inner][\/vc_row_inner][\/vc_column][vc_column width=&#8221;5\/12&#8243; css=&#8221;.vc_custom_1460371798588{padding: 20% !important;background: #ffffff url(https:\/\/www.etrurio.com\/wp-content\/uploads\/2016\/03\/triangles-icn-17.png?id=315) !important;background-position: 0 0 !important;background-repeat: no-repeat !important;}&#8221;<br class=\"read-more-spacer\"> <a class=\"more-link\" href=\"https:\/\/www.etrurio.com\/it\/nostri-oli-d-oliva\/\">Read More<\/a><\/p>\n","protected":false},"author":1,"featured_media":1541,"parent":0,"menu_order":0,"comment_status":"closed","ping_status":"closed","template":"","meta":{"footnotes":""},"class_list":["post-1787","page","type-page","status-publish","has-post-thumbnail","hentry"],"yoast_head":"<!-- This site is optimized with the Yoast SEO plugin v27.4 - https:\/\/yoast.com\/product\/yoast-seo-wordpress\/ -->\n<title>Etrurio Olio Extravergine di Oliva - Tradizione ed Innovazione Italiane<\/title>\n<meta name=\"description\" content=\"Etrurio \u00e8 un brano di olio extravergine di olivai Toscana di alta qualit\u00e0 creato da OliveGrove Partners con metodi innovativi e pi\u00f9 sostenibili\" \/>\n<meta name=\"robots\" content=\"index, follow, max-snippet:-1, max-image-preview:large, max-video-preview:-1\" \/>\n<link rel=\"canonical\" href=\"https:\/\/www.etrurio.com\/it\/nostri-oli-d-oliva\/\" \/>\n<meta property=\"og:locale\" content=\"it_IT\" \/>\n<meta property=\"og:type\" content=\"article\" \/>\n<meta property=\"og:title\" content=\"Etrurio Olio Extravergine di Oliva - Tradizione ed Innovazione Italiane\" \/>\n<meta property=\"og:description\" content=\"Etrurio \u00e8 un brano di olio extravergine di olivai Toscana di alta qualit\u00e0 creato da OliveGrove Partners con metodi innovativi e pi\u00f9 sostenibili\" \/>\n<meta property=\"og:url\" content=\"https:\/\/www.etrurio.com\/it\/nostri-oli-d-oliva\/\" \/>\n<meta property=\"og:site_name\" content=\"Etrurio\" \/>\n<meta property=\"article:modified_time\" content=\"2021-05-30T14:00:56+00:00\" \/>\n<meta property=\"og:image\" content=\"https:\/\/www.etrurio.com\/wp-content\/uploads\/2019\/12\/tre-bottiglie-scaled.jpg\" \/>\n\t<meta property=\"og:image:width\" content=\"2560\" \/>\n\t<meta property=\"og:image:height\" content=\"1707\" \/>\n\t<meta property=\"og:image:type\" content=\"image\/jpeg\" \/>\n<meta name=\"twitter:card\" content=\"summary_large_image\" \/>\n<meta name=\"twitter:label1\" content=\"Tempo di lettura stimato\" \/>\n\t<meta name=\"twitter:data1\" content=\"2 minuti\" \/>\n<script type=\"application\/ld+json\" class=\"yoast-schema-graph\">{\"@context\":\"https:\\\/\\\/schema.org\",\"@graph\":[{\"@type\":\"WebPage\",\"@id\":\"https:\\\/\\\/www.etrurio.com\\\/it\\\/nostri-oli-d-oliva\\\/\",\"url\":\"https:\\\/\\\/www.etrurio.com\\\/it\\\/nostri-oli-d-oliva\\\/\",\"name\":\"Etrurio Olio Extravergine di Oliva - Tradizione ed Innovazione Italiane\",\"isPartOf\":{\"@id\":\"https:\\\/\\\/www.etrurio.com\\\/#website\"},\"primaryImageOfPage\":{\"@id\":\"https:\\\/\\\/www.etrurio.com\\\/it\\\/nostri-oli-d-oliva\\\/#primaryimage\"},\"image\":{\"@id\":\"https:\\\/\\\/www.etrurio.com\\\/it\\\/nostri-oli-d-oliva\\\/#primaryimage\"},\"thumbnailUrl\":\"https:\\\/\\\/www.etrurio.com\\\/wp-content\\\/uploads\\\/2019\\\/12\\\/tre-bottiglie-scaled.jpg\",\"datePublished\":\"2016-03-18T14:14:52+00:00\",\"dateModified\":\"2021-05-30T14:00:56+00:00\",\"description\":\"Etrurio \u00e8 un brano di olio extravergine di olivai Toscana di alta qualit\u00e0 creato da OliveGrove Partners con metodi innovativi e pi\u00f9 sostenibili\",\"breadcrumb\":{\"@id\":\"https:\\\/\\\/www.etrurio.com\\\/it\\\/nostri-oli-d-oliva\\\/#breadcrumb\"},\"inLanguage\":\"it-IT\",\"potentialAction\":[{\"@type\":\"ReadAction\",\"target\":[\"https:\\\/\\\/www.etrurio.com\\\/it\\\/nostri-oli-d-oliva\\\/\"]}]},{\"@type\":\"ImageObject\",\"inLanguage\":\"it-IT\",\"@id\":\"https:\\\/\\\/www.etrurio.com\\\/it\\\/nostri-oli-d-oliva\\\/#primaryimage\",\"url\":\"https:\\\/\\\/www.etrurio.com\\\/wp-content\\\/uploads\\\/2019\\\/12\\\/tre-bottiglie-scaled.jpg\",\"contentUrl\":\"https:\\\/\\\/www.etrurio.com\\\/wp-content\\\/uploads\\\/2019\\\/12\\\/tre-bottiglie-scaled.jpg\",\"width\":2560,\"height\":1707},{\"@type\":\"BreadcrumbList\",\"@id\":\"https:\\\/\\\/www.etrurio.com\\\/it\\\/nostri-oli-d-oliva\\\/#breadcrumb\",\"itemListElement\":[{\"@type\":\"ListItem\",\"position\":1,\"name\":\"Home\",\"item\":\"https:\\\/\\\/www.etrurio.com\\\/it\\\/\"},{\"@type\":\"ListItem\",\"position\":2,\"name\":\"I Nostri Oli d&#8217;Oliva\"}]},{\"@type\":\"WebSite\",\"@id\":\"https:\\\/\\\/www.etrurio.com\\\/#website\",\"url\":\"https:\\\/\\\/www.etrurio.com\\\/\",\"name\":\"Etrurio\",\"description\":\"\",\"potentialAction\":[{\"@type\":\"SearchAction\",\"target\":{\"@type\":\"EntryPoint\",\"urlTemplate\":\"https:\\\/\\\/www.etrurio.com\\\/?s={search_term_string}\"},\"query-input\":{\"@type\":\"PropertyValueSpecification\",\"valueRequired\":true,\"valueName\":\"search_term_string\"}}],\"inLanguage\":\"it-IT\"}]}<\/script>\n<!-- \/ Yoast SEO plugin. -->","yoast_head_json":{"title":"Etrurio Olio Extravergine di Oliva - Tradizione ed Innovazione Italiane","description":"Etrurio \u00e8 un brano di olio extravergine di olivai Toscana di alta qualit\u00e0 creato da OliveGrove Partners con metodi innovativi e pi\u00f9 sostenibili","robots":{"index":"index","follow":"follow","max-snippet":"max-snippet:-1","max-image-preview":"max-image-preview:large","max-video-preview":"max-video-preview:-1"},"canonical":"https:\/\/www.etrurio.com\/it\/nostri-oli-d-oliva\/","og_locale":"it_IT","og_type":"article","og_title":"Etrurio Olio Extravergine di Oliva - Tradizione ed Innovazione Italiane","og_description":"Etrurio \u00e8 un brano di olio extravergine di olivai Toscana di alta qualit\u00e0 creato da OliveGrove Partners con metodi innovativi e pi\u00f9 sostenibili","og_url":"https:\/\/www.etrurio.com\/it\/nostri-oli-d-oliva\/","og_site_name":"Etrurio","article_modified_time":"2021-05-30T14:00:56+00:00","og_image":[{"width":2560,"height":1707,"url":"https:\/\/www.etrurio.com\/wp-content\/uploads\/2019\/12\/tre-bottiglie-scaled.jpg","type":"image\/jpeg"}],"twitter_card":"summary_large_image","twitter_misc":{"Tempo di lettura stimato":"2 minuti"},"schema":{"@context":"https:\/\/schema.org","@graph":[{"@type":"WebPage","@id":"https:\/\/www.etrurio.com\/it\/nostri-oli-d-oliva\/","url":"https:\/\/www.etrurio.com\/it\/nostri-oli-d-oliva\/","name":"Etrurio Olio Extravergine di Oliva - Tradizione ed Innovazione Italiane","isPartOf":{"@id":"https:\/\/www.etrurio.com\/#website"},"primaryImageOfPage":{"@id":"https:\/\/www.etrurio.com\/it\/nostri-oli-d-oliva\/#primaryimage"},"image":{"@id":"https:\/\/www.etrurio.com\/it\/nostri-oli-d-oliva\/#primaryimage"},"thumbnailUrl":"https:\/\/www.etrurio.com\/wp-content\/uploads\/2019\/12\/tre-bottiglie-scaled.jpg","datePublished":"2016-03-18T14:14:52+00:00","dateModified":"2021-05-30T14:00:56+00:00","description":"Etrurio \u00e8 un brano di olio extravergine di olivai Toscana di alta qualit\u00e0 creato da OliveGrove Partners con metodi innovativi e pi\u00f9 sostenibili","breadcrumb":{"@id":"https:\/\/www.etrurio.com\/it\/nostri-oli-d-oliva\/#breadcrumb"},"inLanguage":"it-IT","potentialAction":[{"@type":"ReadAction","target":["https:\/\/www.etrurio.com\/it\/nostri-oli-d-oliva\/"]}]},{"@type":"ImageObject","inLanguage":"it-IT","@id":"https:\/\/www.etrurio.com\/it\/nostri-oli-d-oliva\/#primaryimage","url":"https:\/\/www.etrurio.com\/wp-content\/uploads\/2019\/12\/tre-bottiglie-scaled.jpg","contentUrl":"https:\/\/www.etrurio.com\/wp-content\/uploads\/2019\/12\/tre-bottiglie-scaled.jpg","width":2560,"height":1707},{"@type":"BreadcrumbList","@id":"https:\/\/www.etrurio.com\/it\/nostri-oli-d-oliva\/#breadcrumb","itemListElement":[{"@type":"ListItem","position":1,"name":"Home","item":"https:\/\/www.etrurio.com\/it\/"},{"@type":"ListItem","position":2,"name":"I Nostri Oli d&#8217;Oliva"}]},{"@type":"WebSite","@id":"https:\/\/www.etrurio.com\/#website","url":"https:\/\/www.etrurio.com\/","name":"Etrurio","description":"","potentialAction":[{"@type":"SearchAction","target":{"@type":"EntryPoint","urlTemplate":"https:\/\/www.etrurio.com\/?s={search_term_string}"},"query-input":{"@type":"PropertyValueSpecification","valueRequired":true,"valueName":"search_term_string"}}],"inLanguage":"it-IT"}]}},"_links":{"self":[{"href":"https:\/\/www.etrurio.com\/it\/wp-json\/wp\/v2\/pages\/1787","targetHints":{"allow":["GET"]}}],"collection":[{"href":"https:\/\/www.etrurio.com\/it\/wp-json\/wp\/v2\/pages"}],"about":[{"href":"https:\/\/www.etrurio.com\/it\/wp-json\/wp\/v2\/types\/page"}],"author":[{"embeddable":true,"href":"https:\/\/www.etrurio.com\/it\/wp-json\/wp\/v2\/users\/1"}],"replies":[{"embeddable":true,"href":"https:\/\/www.etrurio.com\/it\/wp-json\/wp\/v2\/comments?post=1787"}],"version-history":[{"count":0,"href":"https:\/\/www.etrurio.com\/it\/wp-json\/wp\/v2\/pages\/1787\/revisions"}],"wp:featuredmedia":[{"embeddable":true,"href":"https:\/\/www.etrurio.com\/it\/wp-json\/wp\/v2\/media\/1541"}],"wp:attachment":[{"href":"https:\/\/www.etrurio.com\/it\/wp-json\/wp\/v2\/media?parent=1787"}],"curies":[{"name":"wp","href":"https:\/\/api.w.org\/{rel}","templated":true}]}}