{"id":1778,"date":"2016-03-10T10:44:30","date_gmt":"2016-03-10T10:44:30","guid":{"rendered":"https:\/\/www.etrurio.com\/sito2020\/homepage\/"},"modified":"2025-12-10T17:42:20","modified_gmt":"2025-12-10T16:42:20","slug":"homepage","status":"publish","type":"page","link":"https:\/\/www.etrurio.com\/it\/","title":{"rendered":"Homepage"},"content":{"rendered":"<p>[vc_row equal_height=&#8221;yes&#8221; content_placement=&#8221;top&#8221; css=&#8221;.vc_custom_1577379772977{padding-top: 0px !important;padding-bottom: 0px !important;background-position: center !important;background-repeat: no-repeat !important;background-size: contain !important;}&#8221; el_class=&#8221;gg-force-background-left&#8221;][vc_column width=&#8221;1\/2&#8243; css=&#8221;.vc_custom_1576953230677{background-color: #ffffff !important;}&#8221;][vc_column_text][\/vc_column_text]\n\t<div class=\"title-subtitle-box \" style=\" margin-bottom:20px; text-align: left;\">\n\t\t<p style=\"\">ETRURIO CEO - Chief Evangelist Oliveman<\/p>\n\t\t<h1 style=\" font-weight: normal;\" >Andrea Sozzi Sabatini<\/h1>\n\t<\/div> \n\t<blockquote  class=\"gg-vc-quote \">\n\t\n\t<\/blockquote>[vc_column_text]<\/p>\n<p>&nbsp;<\/p>\n<p>Gli oli d\u2019oliva di nostra produzione sono caratterizzati da particolari sensazioni di freschezza e aromi persistenti. Tutti i gusti sono perfettamente bilanciati per soddisfare i palati pi\u00f9 esigenti.<\/p>\n<p>Le specifiche caratteristiche organolettiche e le virt\u00f9 pi\u00f9 armoniose, risultato di una produzione meticolosa curata in ogni sua fase, fanno s\u00ec che i nostri oli d\u2019oliva smettano di essere un semplice condimento e diventino una vera esperienza sensoriale.<\/p>\n<p>[\/vc_column_text][\/vc_column][vc_column width=&#8221;1\/2&#8243; offset=&#8221;vc_col-lg-6 vc_col-md-6&#8243;][\/vc_column][\/vc_row][vc_row full_width=&#8221;stretch_row_content_no_spaces&#8221; equal_height=&#8221;yes&#8221; content_placement=&#8221;middle&#8221; css=&#8221;.vc_custom_1458038409405{padding-top: 0px !important;background-color: #f1f1f1 !important;}&#8221;][vc_column width=&#8221;7\/12&#8243; offset=&#8221;vc_col-lg-8 vc_col-md-8&#8243; css=&#8221;.vc_custom_1578406568496{padding-right: 60px !important;padding-left: 0px !important;}&#8221; el_class=&#8221;mike nopad-cell&#8221;][vc_single_image image=&#8221;1686&#8243; img_size=&#8221;full&#8221; el_class=&#8221;force-90-width-large-screen&#8221;][vc_row_inner][vc_column_inner width=&#8221;1\/3&#8243;]\n\t<div class=\"counter-holder media  \" style=\"text-align:center;   \">\n\t\t\t<div class=\"counter-content media-body\">\n\t\t\t\t<span style=\" font-size:60px;\" class=\"counter\" data-number=\"3\" data-interval=\"100\" data-speed=\"1500\">3<\/span>\n\t\t\t\t<p >Cultivars<\/p>\n\t\t\t<\/div>\n\t<\/div> [\/vc_column_inner][vc_column_inner width=&#8221;1\/3&#8243;]\n\t<div class=\"counter-holder media  \" style=\"text-align:center;   \">\n\t\t\t<div class=\"counter-content media-body\">\n\t\t\t\t<span style=\" font-size:60px;\" class=\"counter\" data-number=\"1\" data-interval=\"100\" data-speed=\"1500\">1<\/span>\n\t\t\t\t<p >Produzione oli<\/p>\n\t\t\t<\/div>\n\t<\/div> [\/vc_column_inner][vc_column_inner width=&#8221;1\/3&#8243;]\n\t<div class=\"counter-holder media  \" style=\"text-align:center;   \">\n\t\t\t<div class=\"counter-content media-body\">\n\t\t\t\t<span style=\" font-size:60px;\" class=\"counter\" data-number=\"3\" data-interval=\"100\" data-speed=\"1500\">3<\/span>\n\t\t\t\t<p >Annate<\/p>\n\t\t\t<\/div>\n\t<\/div> [\/vc_column_inner][\/vc_row_inner][\/vc_column][vc_column width=&#8221;5\/12&#8243; css=&#8221;.vc_custom_1460370625769{padding-top: 20% !important;padding-right: 20% !important;padding-bottom: 20% !important;padding-left: 20% !important;background: #ffffff url(https:\/\/www.etrurio.com\/wp-content\/uploads\/2016\/03\/triangles-icn-17.png?id=315) !important;background-position: 0 0 !important;background-repeat: no-repeat !important;}&#8221; offset=&#8221;vc_col-lg-4 vc_col-md-4&#8243;]\n\t<div class=\"title-subtitle-box \" style=\" text-align: left;\">\n\t\t<p style=\"\">Gusto fruttato delicato<\/p>\n\t\t<h2 style=\" font-weight: normal;\" >Le nostre miscele<\/h2>\n\t<\/div> \n\t<div class=\"gg_list list_style_line  \">\n<ul>\n<li>ALLEGRO<\/li>\n<\/ul>\n<\/div>[\/vc_column][\/vc_row][vc_row full_width=&#8221;stretch_row_content_no_spaces&#8221; equal_height=&#8221;yes&#8221; content_placement=&#8221;middle&#8221; css=&#8221;.vc_custom_1458038409405{padding-top: 0px !important;background-color: #f1f1f1 !important;}&#8221;][vc_column width=&#8221;5\/12&#8243; css=&#8221;.vc_custom_1460370625769{padding-top: 20% !important;padding-right: 20% !important;padding-bottom: 20% !important;padding-left: 20% !important;background: #ffffff url(https:\/\/www.etrurio.com\/wp-content\/uploads\/2016\/03\/triangles-icn-17.png?id=315) !important;background-position: 0 0 !important;background-repeat: no-repeat !important;}&#8221; offset=&#8221;vc_col-lg-4 vc_col-md-4&#8243;]\n\t<div class=\"title-subtitle-box \" style=\" text-align: left;\">\n\t\t<p style=\"\">Gusto fruttato medio<\/p>\n\t\t<h2 style=\" font-weight: normal;\" >Le nostre miscele<\/h2>\n\t<\/div> \n\t<div class=\"gg_list list_style_line  \">\n<ul>\n<li>MOSSO<\/li>\n<li>VIVACE<\/li>\n<\/ul>\n<\/div>[\/vc_column][vc_column width=&#8221;7\/12&#8243; offset=&#8221;vc_col-lg-8 vc_col-md-8&#8243; css=&#8221;.vc_custom_1578405587848{padding-left: 60px !important;}&#8221; el_class=&#8221;nopad-cell&#8221;][vc_single_image image=&#8221;1702&#8243; img_size=&#8221;full&#8221; alignment=&#8221;right&#8221; el_class=&#8221;force-90-width-large-screen&#8221;][vc_row_inner][vc_column_inner width=&#8221;1\/3&#8243;]\n\t<div class=\"counter-holder media  \" style=\"text-align:center;   \">\n\t\t\t<div class=\"counter-content media-body\">\n\t\t\t\t<span style=\" font-size:60px;\" class=\"counter\" data-number=\"8\" data-interval=\"100\" data-speed=\"1500\">8<\/span>\n\t\t\t\t<p >Cultivars<\/p>\n\t\t\t<\/div>\n\t<\/div> [\/vc_column_inner][vc_column_inner width=&#8221;1\/3&#8243;]\n\t<div class=\"counter-holder media  \" style=\"text-align:center;   \">\n\t\t\t<div class=\"counter-content media-body\">\n\t\t\t\t<span style=\" font-size:60px;\" class=\"counter\" data-number=\"1\" data-interval=\"100\" data-speed=\"1500\">1<\/span>\n\t\t\t\t<p >Produzione oli<\/p>\n\t\t\t<\/div>\n\t<\/div> [\/vc_column_inner][vc_column_inner width=&#8221;1\/3&#8243;]\n\t<div class=\"counter-holder media  \" style=\"text-align:center;   \">\n\t\t\t<div class=\"counter-content media-body\">\n\t\t\t\t<span style=\" font-size:60px;\" class=\"counter\" data-number=\"3\" data-interval=\"100\" data-speed=\"1500\">3<\/span>\n\t\t\t\t<p >Annate<\/p>\n\t\t\t<\/div>\n\t<\/div> [\/vc_column_inner][\/vc_row_inner][\/vc_column][\/vc_row][vc_row full_width=&#8221;stretch_row_content_no_spaces&#8221; equal_height=&#8221;yes&#8221; content_placement=&#8221;middle&#8221; css=&#8221;.vc_custom_1578064445513{padding-top: 0px !important;background-color: #f1f1f1 !important;}&#8221;][vc_column width=&#8221;7\/12&#8243; offset=&#8221;vc_col-lg-8 vc_col-md-8&#8243; css=&#8221;.vc_custom_1578405601827{padding-right: 60px !important;}&#8221; el_class=&#8221;nopad-cell&#8221;][vc_single_image image=&#8221;1704&#8243; img_size=&#8221;full&#8221; el_class=&#8221;force-90-width-large-screen&#8221;][vc_row_inner][vc_column_inner width=&#8221;1\/3&#8243;]\n\t<div class=\"counter-holder media  \" style=\"text-align:center;   \">\n\t\t\t<div class=\"counter-content media-body\">\n\t\t\t\t<span style=\" font-size:60px;\" class=\"counter\" data-number=\"5\" data-interval=\"100\" data-speed=\"1500\">5<\/span>\n\t\t\t\t<p >Cultivars<\/p>\n\t\t\t<\/div>\n\t<\/div> [\/vc_column_inner][vc_column_inner width=&#8221;1\/3&#8243;]\n\t<div class=\"counter-holder media  \" style=\"text-align:center;   \">\n\t\t\t<div class=\"counter-content media-body\">\n\t\t\t\t<span style=\" font-size:60px;\" class=\"counter\" data-number=\"2\" data-interval=\"100\" data-speed=\"1500\">2<\/span>\n\t\t\t\t<p >Produzione oli<\/p>\n\t\t\t<\/div>\n\t<\/div> [\/vc_column_inner][vc_column_inner width=&#8221;1\/3&#8243;]\n\t<div class=\"counter-holder media  \" style=\"text-align:center;   \">\n\t\t\t<div class=\"counter-content media-body\">\n\t\t\t\t<span style=\" font-size:60px;\" class=\"counter\" data-number=\"48\" data-interval=\"100\" data-speed=\"1500\">48<\/span>\n\t\t\t\t<p >Annate<\/p>\n\t\t\t<\/div>\n\t<\/div> [\/vc_column_inner][\/vc_row_inner][\/vc_column][vc_column width=&#8221;5\/12&#8243; css=&#8221;.vc_custom_1460370690007{padding-top: 20% !important;padding-right: 20% !important;padding-bottom: 20% !important;padding-left: 20% !important;background: #ffffff url(https:\/\/www.etrurio.com\/wp-content\/uploads\/2016\/03\/triangles-icn-17.png?id=315) !important;background-position: 0 0 !important;background-repeat: no-repeat !important;}&#8221; offset=&#8221;vc_col-lg-4 vc_col-md-4&#8243;]\n\t<div class=\"title-subtitle-box \" style=\" text-align: left;\">\n\t\t<p style=\"\">gusto fruttato intenso<\/p>\n\t\t<h2 style=\" font-weight: normal;\" >Le nostre miscele<\/h2>\n\t<\/div> \n\t<div class=\"gg_list list_style_line  \">\n<ul>\n<li>SOSTENUTO<\/li>\n<li>VIVACISSIMO<\/li>\n<li>TRADIZIONALE<\/li>\n<\/ul>\n<\/div>[\/vc_column][\/vc_row][vc_row equal_height=&#8221;yes&#8221; content_placement=&#8221;middle&#8221;][vc_column css=&#8221;.vc_custom_1469107067587{padding-top: 20% !important;padding-right: 20% !important;padding-bottom: 20% !important;padding-left: 20% !important;background-image: url(https:\/\/www.etrurio.com\/wp-content\/uploads\/2016\/03\/box-promo-pattern-17.png?id=1051) !important;background-position: 0 0 !important;background-repeat: repeat !important;}&#8221; offset=&#8221;vc_col-lg-6 vc_col-md-6&#8243;][vc_single_image image=&#8221;1597&#8243; img_size=&#8221;full&#8221; alignment=&#8221;center&#8221;]\n\t<div class=\"title-subtitle-box \" style=\" margin-bottom:90px; text-align: center;\">\n\t\t<h1 style=\" color:#ffffff;  font-weight: normal;\" >Produciamo pregiati oli d'oliva che arricchiscono gusto &amp; anima<\/h1>\n\t<\/div> [\/vc_column][vc_column css=&#8221;.vc_custom_1460369664258{margin-top: 0px !important;margin-right: 0px !important;margin-bottom: 0px !important;margin-left: 0px !important;padding-top: 0px !important;padding-right: 0px !important;padding-bottom: 0px !important;padding-left: 0px !important;}&#8221; offset=&#8221;vc_col-lg-6 vc_col-md-6&#8243;][vc_single_image image=&#8221;1760&#8243; img_size=&#8221;full&#8221; style=&#8221;vc_box_border&#8221; border_color=&#8221;white&#8221; css=&#8221;.vc_custom_1577986325541{margin-bottom: 0px !important;}&#8221;][\/vc_column][\/vc_row][vc_row equal_height=&#8221;yes&#8221; content_placement=&#8221;middle&#8221; css=&#8221;.vc_custom_1457626387315{padding-bottom: 0px !important;}&#8221;][vc_column css=&#8221;.vc_custom_1460370846525{margin-top: 0px !important;margin-right: 0px !important;margin-bottom: 0px !important;margin-left: 0px !important;padding-top: 0px !important;padding-right: 0px !important;padding-bottom: 0px !important;padding-left: 0px !important;}&#8221; offset=&#8221;vc_col-lg-6 vc_col-md-6&#8243;][vc_single_image image=&#8221;1429&#8243; img_size=&#8221;full&#8221; css=&#8221;.vc_custom_1575646382814{margin-top: 0px !important;margin-right: 0px !important;margin-bottom: 0px !important;margin-left: 0px !important;padding-top: 0px !important;padding-right: 0px !important;padding-bottom: 0px !important;padding-left: 0px !important;}&#8221;][vc_column_text]<\/p>\n<h3>L\u2019oratorio di Santa Croce a Scarlino e il suo affresco<\/h3>\n<p>[\/vc_column_text][vc_gallery interval=&#8221;5&#8243; images=&#8221;1673,1675,1677,1679&#8243; img_size=&#8221;full&#8221; css_animation=&#8221;fadeIn&#8221; css=&#8221;.vc_custom_1578064683913{margin-bottom: 0px !important;}&#8221;][\/vc_column][vc_column css=&#8221;.vc_custom_1578405755514{padding-top: 10% !important;padding-right: 10% !important;padding-bottom: 10% !important;padding-left: 10% !important;background-color: #f1f1f1 !important;}&#8221; offset=&#8221;vc_col-lg-6 vc_col-md-6&#8243;]\n\t<div class=\"title-subtitle-box \" style=\" margin-bottom:30px; text-align: center;\">\n\t\t<p style=\"\">Museo ETRURIO<\/p>\n\t\t<h3 style=\" font-weight: normal;\" >Arte &amp; Olio d'oliva<\/h3>\n\t<\/div> [vc_column_text css=&#8221;.vc_custom_1579860389599{margin-bottom: 90px !important;}&#8221;]<\/p>\n<p style=\"text-align: left;\">La famiglia Sozzi Sabatini si occupa di progetti di salvaguardia culturale ed artistica per sviluppare e promuovere l&#8217;arte italiana e le sue bellezze. In un edificio storico di Scarlino, sotto strati di intonaco, \u00e8 stato ritrovato un affresco medievale datato 1437. Proprio in questo luogo si trova ora il museo di ETRURIO, un luogo magico dove si possono degustare i nostri prodotti.<\/p>\n<p>[\/vc_column_text][vc_btn title=&#8221;Leggi di pi\u00f9&#8221; style=&#8221;custom&#8221; custom_background=&#8221;#000000&#8243; custom_text=&#8221;#ffffff&#8221; shape=&#8221;square&#8221; align=&#8221;center&#8221; link=&#8221;url:https%3A%2F%2Fwww.etrurio.com%2Fit%2Fmuseo-etrurio%2F|||&#8221;][\/vc_column][\/vc_row][vc_row equal_height=&#8221;yes&#8221; content_placement=&#8221;middle&#8221; css=&#8221;.vc_custom_1457626404907{padding-top: 0px !important;}&#8221;][vc_column css=&#8221;.vc_custom_1578405802493{padding-top: 10% !important;padding-right: 10% !important;padding-bottom: 10% !important;padding-left: 10% !important;background-color: #f1f1f1 !important;}&#8221; offset=&#8221;vc_col-lg-6 vc_col-md-6&#8243;]\n\t<div class=\"title-subtitle-box \" style=\" text-align: center;\">\n\t\t<p style=\"\">Museo ETRURIO<\/p>\n\t\t<h1 style=\" font-weight: normal;\" >Degustazione di oli d'oliva<\/h1>\n\t<\/div> [vc_column_text css=&#8221;.vc_custom_1579874144963{margin-bottom: 90px !important;}&#8221;]<\/p>\n<p style=\"text-align: center;\">Il simbolo del Museo ETRURIO \u00e8 la figura stilizzata di un antefissa etrusco, il cui originale \u00e8 di propriet\u00e0 della famiglia Sozzi Sabatini.<\/p>\n<p>[\/vc_column_text][vc_btn title=&#8221;Leggi di pi\u00f9&#8221; style=&#8221;custom&#8221; custom_background=&#8221;#000000&#8243; custom_text=&#8221;#ffffff&#8221; shape=&#8221;square&#8221; align=&#8221;center&#8221; link=&#8221;url:https%3A%2F%2Fwww.etrurio.com%2Fit%2Fmuseo-etrurio%2F|title:Il%20Museo%20ETRURIO||&#8221;][\/vc_column][vc_column css=&#8221;.vc_custom_1460370866457{margin-top: 0px !important;margin-right: 0px !important;margin-bottom: 0px !important;margin-left: 0px !important;padding-top: 0px !important;padding-right: 0px !important;padding-bottom: 0px !important;padding-left: 0px !important;}&#8221; offset=&#8221;vc_col-lg-6 vc_col-md-6&#8243;][vc_single_image image=&#8221;1599&#8243; img_size=&#8221;full&#8221; alignment=&#8221;center&#8221; css=&#8221;.vc_custom_1576955616379{margin-top: 0px !important;margin-right: 0px !important;margin-bottom: 0px !important;margin-left: 0px !important;padding-top: 0px !important;padding-right: 0px !important;padding-bottom: 0px !important;padding-left: 0px !important;}&#8221;][\/vc_column][\/vc_row][vc_row full_width=&#8221;stretch_row&#8221; content_placement=&#8221;middle&#8221; css=&#8221;.vc_custom_1765384934813{background-image: url(https:\/\/www.etrurio.com\/wp-content\/uploads\/2025\/12\/museum-3.jpg?id=2031) !important;background-position: center !important;background-repeat: no-repeat !important;background-size: cover !important;}&#8221; el_class=&#8221;center-text&#8221;][vc_column css=&#8221;.vc_custom_1460548154083{padding-top: 0px !important;}&#8221; offset=&#8221;vc_col-lg-offset-3 vc_col-lg-6 vc_col-md-12&#8243;]\n\t<div class=\"title-subtitle-box \" style=\" text-align: center;\">\n\t\t<p style=\"\">Museo ETRURIO<\/p>\n\t\t<h1 style=\" font-weight: normal;\" >Vieni a trovarci<\/h1>\n\t<\/div> [vc_column_text css=&#8221;.vc_custom_1579860505132{margin-bottom: 90px !important;}&#8221;]<\/p>\n<p style=\"text-align: center;\">Su richiesta \u00e8 possibile visitare il Museo ETRURIO e degustare i nostri oli di oliva. \u00a0Manda una email a: andrea@etrurio.com<\/p>\n<p>[\/vc_column_text][\/vc_column][\/vc_row][vc_row content_placement=&#8221;middle&#8221; css=&#8221;.vc_custom_1458048524081{padding-right: 10% !important;padding-left: 10% !important;background-position: center !important;background-repeat: no-repeat !important;background-size: cover !important;}&#8221; el_class=&#8221;center-text&#8221;][vc_column css=&#8221;.vc_custom_1458045278797{padding-top: 0px !important;}&#8221;]\n\t<div class=\"title-subtitle-box \" style=\" text-align: center;\">\n\t\t<p style=\"\">News<\/p>\n\t\t<h1 style=\" font-weight: normal;\" >Parlano di noi<\/h1>\n\t<\/div> [vc_masonry_media_grid element_width=&#8221;3&#8243; grid_id=&#8221;vc_gid:1765384880521-b7119181-3784-0&#8243; include=&#8221;232,229,230,231&#8243;][vc_btn title=&#8221;Leggi di pi\u00f9&#8221; shape=&#8221;square&#8221; color=&#8221;black&#8221; link=&#8221;url:https%3A%2F%2Fwww.etrurio.com%2Fit%2Fnews%2F|||&#8221;][\/vc_column][\/vc_row]<\/p>\n","protected":false},"excerpt":{"rendered":"<p>[vc_row equal_height=&#8221;yes&#8221; content_placement=&#8221;top&#8221; css=&#8221;.vc_custom_1577379772977{padding-top: 0px !important;padding-bottom: 0px !important;background-position: center !important;background-repeat: no-repeat !important;background-size: contain !important;}&#8221; el_class=&#8221;gg-force-background-left&#8221;][vc_column width=&#8221;1\/2&#8243; css=&#8221;.vc_custom_1576953230677{background-color: #ffffff !important;}&#8221;][vc_column_text][\/vc_column_text][vc_column_text] &nbsp; Gli oli d\u2019oliva di nostra produzione sono caratterizzati da particolari<br class=\"read-more-spacer\"> <a class=\"more-link\" href=\"https:\/\/www.etrurio.com\/it\/\">Read More<\/a><\/p>\n","protected":false},"author":1,"featured_media":0,"parent":0,"menu_order":0,"comment_status":"closed","ping_status":"closed","template":"","meta":{"footnotes":""},"class_list":["post-1778","page","type-page","status-publish","hentry"],"yoast_head":"<!-- This site is optimized with the Yoast SEO plugin v27.4 - https:\/\/yoast.com\/product\/yoast-seo-wordpress\/ -->\n<title>Etrurio - Prodotti Alimentari Toscani da Olive Grove Partners<\/title>\n<meta name=\"description\" content=\"Etrurio \u00e8 un marchio di prodotti toscani innovativi nell\u2019approccio agricolo: coltivazioni sperimentali, sviluppo sostenibile e tracciabilit\u00e0 dei prodotti\" \/>\n<meta name=\"robots\" content=\"index, follow, max-snippet:-1, max-image-preview:large, max-video-preview:-1\" \/>\n<link rel=\"canonical\" href=\"https:\/\/www.etrurio.com\/it\/\" \/>\n<meta property=\"og:locale\" content=\"it_IT\" \/>\n<meta property=\"og:type\" content=\"article\" \/>\n<meta property=\"og:title\" content=\"Etrurio - Prodotti Alimentari Toscani da Olive Grove Partners\" \/>\n<meta property=\"og:description\" content=\"Etrurio \u00e8 un marchio di prodotti toscani innovativi nell\u2019approccio agricolo: coltivazioni sperimentali, sviluppo sostenibile e tracciabilit\u00e0 dei prodotti\" \/>\n<meta property=\"og:url\" content=\"https:\/\/www.etrurio.com\/it\/\" \/>\n<meta property=\"og:site_name\" content=\"Etrurio\" \/>\n<meta property=\"article:modified_time\" content=\"2025-12-10T16:42:20+00:00\" \/>\n<meta name=\"twitter:card\" content=\"summary_large_image\" \/>\n<meta name=\"twitter:label1\" content=\"Tempo di lettura stimato\" \/>\n\t<meta name=\"twitter:data1\" content=\"4 minuti\" \/>\n<script type=\"application\/ld+json\" class=\"yoast-schema-graph\">{\"@context\":\"https:\\\/\\\/schema.org\",\"@graph\":[{\"@type\":\"WebPage\",\"@id\":\"https:\\\/\\\/www.etrurio.com\\\/it\\\/\",\"url\":\"https:\\\/\\\/www.etrurio.com\\\/it\\\/\",\"name\":\"Etrurio - Prodotti Alimentari Toscani da Olive Grove Partners\",\"isPartOf\":{\"@id\":\"https:\\\/\\\/www.etrurio.com\\\/#website\"},\"datePublished\":\"2016-03-10T10:44:30+00:00\",\"dateModified\":\"2025-12-10T16:42:20+00:00\",\"description\":\"Etrurio \u00e8 un marchio di prodotti toscani innovativi nell\u2019approccio agricolo: coltivazioni sperimentali, sviluppo sostenibile e tracciabilit\u00e0 dei prodotti\",\"breadcrumb\":{\"@id\":\"https:\\\/\\\/www.etrurio.com\\\/it\\\/#breadcrumb\"},\"inLanguage\":\"it-IT\",\"potentialAction\":[{\"@type\":\"ReadAction\",\"target\":[\"https:\\\/\\\/www.etrurio.com\\\/it\\\/\"]}]},{\"@type\":\"BreadcrumbList\",\"@id\":\"https:\\\/\\\/www.etrurio.com\\\/it\\\/#breadcrumb\",\"itemListElement\":[{\"@type\":\"ListItem\",\"position\":1,\"name\":\"Home\",\"item\":\"https:\\\/\\\/www.etrurio.com\\\/it\\\/\"},{\"@type\":\"ListItem\",\"position\":2,\"name\":\"Homepage\"}]},{\"@type\":\"WebSite\",\"@id\":\"https:\\\/\\\/www.etrurio.com\\\/#website\",\"url\":\"https:\\\/\\\/www.etrurio.com\\\/\",\"name\":\"Etrurio\",\"description\":\"\",\"potentialAction\":[{\"@type\":\"SearchAction\",\"target\":{\"@type\":\"EntryPoint\",\"urlTemplate\":\"https:\\\/\\\/www.etrurio.com\\\/?s={search_term_string}\"},\"query-input\":{\"@type\":\"PropertyValueSpecification\",\"valueRequired\":true,\"valueName\":\"search_term_string\"}}],\"inLanguage\":\"it-IT\"}]}<\/script>\n<!-- \/ Yoast SEO plugin. -->","yoast_head_json":{"title":"Etrurio - Prodotti Alimentari Toscani da Olive Grove Partners","description":"Etrurio \u00e8 un marchio di prodotti toscani innovativi nell\u2019approccio agricolo: coltivazioni sperimentali, sviluppo sostenibile e tracciabilit\u00e0 dei prodotti","robots":{"index":"index","follow":"follow","max-snippet":"max-snippet:-1","max-image-preview":"max-image-preview:large","max-video-preview":"max-video-preview:-1"},"canonical":"https:\/\/www.etrurio.com\/it\/","og_locale":"it_IT","og_type":"article","og_title":"Etrurio - Prodotti Alimentari Toscani da Olive Grove Partners","og_description":"Etrurio \u00e8 un marchio di prodotti toscani innovativi nell\u2019approccio agricolo: coltivazioni sperimentali, sviluppo sostenibile e tracciabilit\u00e0 dei prodotti","og_url":"https:\/\/www.etrurio.com\/it\/","og_site_name":"Etrurio","article_modified_time":"2025-12-10T16:42:20+00:00","twitter_card":"summary_large_image","twitter_misc":{"Tempo di lettura stimato":"4 minuti"},"schema":{"@context":"https:\/\/schema.org","@graph":[{"@type":"WebPage","@id":"https:\/\/www.etrurio.com\/it\/","url":"https:\/\/www.etrurio.com\/it\/","name":"Etrurio - Prodotti Alimentari Toscani da Olive Grove Partners","isPartOf":{"@id":"https:\/\/www.etrurio.com\/#website"},"datePublished":"2016-03-10T10:44:30+00:00","dateModified":"2025-12-10T16:42:20+00:00","description":"Etrurio \u00e8 un marchio di prodotti toscani innovativi nell\u2019approccio agricolo: coltivazioni sperimentali, sviluppo sostenibile e tracciabilit\u00e0 dei prodotti","breadcrumb":{"@id":"https:\/\/www.etrurio.com\/it\/#breadcrumb"},"inLanguage":"it-IT","potentialAction":[{"@type":"ReadAction","target":["https:\/\/www.etrurio.com\/it\/"]}]},{"@type":"BreadcrumbList","@id":"https:\/\/www.etrurio.com\/it\/#breadcrumb","itemListElement":[{"@type":"ListItem","position":1,"name":"Home","item":"https:\/\/www.etrurio.com\/it\/"},{"@type":"ListItem","position":2,"name":"Homepage"}]},{"@type":"WebSite","@id":"https:\/\/www.etrurio.com\/#website","url":"https:\/\/www.etrurio.com\/","name":"Etrurio","description":"","potentialAction":[{"@type":"SearchAction","target":{"@type":"EntryPoint","urlTemplate":"https:\/\/www.etrurio.com\/?s={search_term_string}"},"query-input":{"@type":"PropertyValueSpecification","valueRequired":true,"valueName":"search_term_string"}}],"inLanguage":"it-IT"}]}},"_links":{"self":[{"href":"https:\/\/www.etrurio.com\/it\/wp-json\/wp\/v2\/pages\/1778","targetHints":{"allow":["GET"]}}],"collection":[{"href":"https:\/\/www.etrurio.com\/it\/wp-json\/wp\/v2\/pages"}],"about":[{"href":"https:\/\/www.etrurio.com\/it\/wp-json\/wp\/v2\/types\/page"}],"author":[{"embeddable":true,"href":"https:\/\/www.etrurio.com\/it\/wp-json\/wp\/v2\/users\/1"}],"replies":[{"embeddable":true,"href":"https:\/\/www.etrurio.com\/it\/wp-json\/wp\/v2\/comments?post=1778"}],"version-history":[{"count":0,"href":"https:\/\/www.etrurio.com\/it\/wp-json\/wp\/v2\/pages\/1778\/revisions"}],"wp:attachment":[{"href":"https:\/\/www.etrurio.com\/it\/wp-json\/wp\/v2\/media?parent=1778"}],"curies":[{"name":"wp","href":"https:\/\/api.w.org\/{rel}","templated":true}]}}